{"id":703,"date":"2011-05-20T18:51:43","date_gmt":"2011-05-21T01:51:43","guid":{"rendered":"http:\/\/wpthemetestdata.wordpress.com\/?page_id=703"},"modified":"2011-05-20T18:51:43","modified_gmt":"2011-05-21T01:51:43","slug":"blog-2","status":"publish","type":"page","link":"https:\/\/www.mursporteurs.fr\/?page_id=703","title":{"rendered":"Blog"},"content":{"rendered":"<p>Use this static Page to test the Theme&rsquo;s handling of the Blog Posts Index page. If the site is set to display a static Page on the Front Page, and this Page is set to display the Blog Posts Index, then this text should not appear.<\/p>\n","protected":false},"excerpt":{"rendered":"<p>Use this static Page to test the Theme&rsquo;s handling of the Blog Posts Index page. If the site is set to display a static Page on the Front Page, and this Page is set to display the Blog Posts Index, &hellip; <a href=\"https:\/\/www.mursporteurs.fr\/?page_id=703\">Continuer la lecture <span class=\"meta-nav\">&rarr;<\/span><\/a><\/p>\n","protected":false},"author":1,"featured_media":0,"parent":0,"menu_order":0,"comment_status":"open","ping_status":"closed","template":"","meta":[],"yoast_head":"<!-- This site is optimized with the Yoast SEO plugin v17.4 - https:\/\/yoast.com\/wordpress\/plugins\/seo\/ -->\n<meta name=\"robots\" content=\"index, follow, max-snippet:-1, max-image-preview:large, max-video-preview:-1\" \/>\n<link rel=\"canonical\" href=\"https:\/\/www.mursporteurs.fr\/?page_id=703\" \/>\n<meta property=\"og:locale\" content=\"fr_FR\" \/>\n<meta property=\"og:type\" content=\"article\" \/>\n<meta property=\"og:title\" content=\"Blog - Murs Porteurs\" \/>\n<meta property=\"og:description\" content=\"Use this static Page to test the Theme&rsquo;s handling of the Blog Posts Index page. If the site is set to display a static Page on the Front Page, and this Page is set to display the Blog Posts Index, &hellip; Continuer la lecture &rarr;\" \/>\n<meta property=\"og:url\" content=\"https:\/\/www.mursporteurs.fr\/?page_id=703\" \/>\n<meta property=\"og:site_name\" content=\"Murs Porteurs\" \/>\n<meta name=\"twitter:card\" content=\"summary_large_image\" \/>\n<script type=\"application\/ld+json\" class=\"yoast-schema-graph\">{\"@context\":\"https:\/\/schema.org\",\"@graph\":[{\"@type\":\"WebSite\",\"@id\":\"http:\/\/www.mursporteurs.fr\/#website\",\"url\":\"http:\/\/www.mursporteurs.fr\/\",\"name\":\"Murs Porteurs\",\"description\":\"Entreprise sp\\u00e9cialis\\u00e9e dans l&#039;ouverture de murs porteurs, les extensions et les sur\\u00e9l\\u00e9vations de maisons sur Paris et r\\u00e9gion parisienne.\",\"potentialAction\":[{\"@type\":\"SearchAction\",\"target\":{\"@type\":\"EntryPoint\",\"urlTemplate\":\"http:\/\/www.mursporteurs.fr\/?s={search_term_string}\"},\"query-input\":\"required name=search_term_string\"}],\"inLanguage\":\"fr-FR\"},{\"@type\":\"WebPage\",\"@id\":\"https:\/\/www.mursporteurs.fr\/?page_id=703#webpage\",\"url\":\"https:\/\/www.mursporteurs.fr\/?page_id=703\",\"name\":\"Blog - Murs Porteurs\",\"isPartOf\":{\"@id\":\"http:\/\/www.mursporteurs.fr\/#website\"},\"datePublished\":\"2011-05-21T01:51:43+00:00\",\"dateModified\":\"2011-05-21T01:51:43+00:00\",\"breadcrumb\":{\"@id\":\"https:\/\/www.mursporteurs.fr\/?page_id=703#breadcrumb\"},\"inLanguage\":\"fr-FR\",\"potentialAction\":[{\"@type\":\"ReadAction\",\"target\":[\"https:\/\/www.mursporteurs.fr\/?page_id=703\"]}]},{\"@type\":\"BreadcrumbList\",\"@id\":\"https:\/\/www.mursporteurs.fr\/?page_id=703#breadcrumb\",\"itemListElement\":[{\"@type\":\"ListItem\",\"position\":1,\"name\":\"Accueil\",\"item\":\"http:\/\/www.mursporteurs.fr\/\"},{\"@type\":\"ListItem\",\"position\":2,\"name\":\"Blog\"}]}]}<\/script>\n<!-- \/ Yoast SEO plugin. -->","yoast_head_json":{"robots":{"index":"index","follow":"follow","max-snippet":"max-snippet:-1","max-image-preview":"max-image-preview:large","max-video-preview":"max-video-preview:-1"},"canonical":"https:\/\/www.mursporteurs.fr\/?page_id=703","og_locale":"fr_FR","og_type":"article","og_title":"Blog - Murs Porteurs","og_description":"Use this static Page to test the Theme&rsquo;s handling of the Blog Posts Index page. If the site is set to display a static Page on the Front Page, and this Page is set to display the Blog Posts Index, &hellip; Continuer la lecture &rarr;","og_url":"https:\/\/www.mursporteurs.fr\/?page_id=703","og_site_name":"Murs Porteurs","twitter_card":"summary_large_image","schema":{"@context":"https:\/\/schema.org","@graph":[{"@type":"WebSite","@id":"http:\/\/www.mursporteurs.fr\/#website","url":"http:\/\/www.mursporteurs.fr\/","name":"Murs Porteurs","description":"Entreprise sp\u00e9cialis\u00e9e dans l&#039;ouverture de murs porteurs, les extensions et les sur\u00e9l\u00e9vations de maisons sur Paris et r\u00e9gion parisienne.","potentialAction":[{"@type":"SearchAction","target":{"@type":"EntryPoint","urlTemplate":"http:\/\/www.mursporteurs.fr\/?s={search_term_string}"},"query-input":"required name=search_term_string"}],"inLanguage":"fr-FR"},{"@type":"WebPage","@id":"https:\/\/www.mursporteurs.fr\/?page_id=703#webpage","url":"https:\/\/www.mursporteurs.fr\/?page_id=703","name":"Blog - Murs Porteurs","isPartOf":{"@id":"http:\/\/www.mursporteurs.fr\/#website"},"datePublished":"2011-05-21T01:51:43+00:00","dateModified":"2011-05-21T01:51:43+00:00","breadcrumb":{"@id":"https:\/\/www.mursporteurs.fr\/?page_id=703#breadcrumb"},"inLanguage":"fr-FR","potentialAction":[{"@type":"ReadAction","target":["https:\/\/www.mursporteurs.fr\/?page_id=703"]}]},{"@type":"BreadcrumbList","@id":"https:\/\/www.mursporteurs.fr\/?page_id=703#breadcrumb","itemListElement":[{"@type":"ListItem","position":1,"name":"Accueil","item":"http:\/\/www.mursporteurs.fr\/"},{"@type":"ListItem","position":2,"name":"Blog"}]}]}},"_links":{"self":[{"href":"https:\/\/www.mursporteurs.fr\/index.php?rest_route=\/wp\/v2\/pages\/703"}],"collection":[{"href":"https:\/\/www.mursporteurs.fr\/index.php?rest_route=\/wp\/v2\/pages"}],"about":[{"href":"https:\/\/www.mursporteurs.fr\/index.php?rest_route=\/wp\/v2\/types\/page"}],"author":[{"embeddable":true,"href":"https:\/\/www.mursporteurs.fr\/index.php?rest_route=\/wp\/v2\/users\/1"}],"replies":[{"embeddable":true,"href":"https:\/\/www.mursporteurs.fr\/index.php?rest_route=%2Fwp%2Fv2%2Fcomments&post=703"}],"version-history":[{"count":0,"href":"https:\/\/www.mursporteurs.fr\/index.php?rest_route=\/wp\/v2\/pages\/703\/revisions"}],"wp:attachment":[{"href":"https:\/\/www.mursporteurs.fr\/index.php?rest_route=%2Fwp%2Fv2%2Fmedia&parent=703"}],"curies":[{"name":"wp","href":"https:\/\/api.w.org\/{rel}","templated":true}]}}