{"id":6,"date":"2010-12-03T15:36:54","date_gmt":"2010-12-03T14:36:54","guid":{"rendered":"http:\/\/www.adora-renovation.fr\/murs\/"},"modified":"2011-01-04T15:20:13","modified_gmt":"2011-01-04T14:20:13","slug":"demarche-reglementaire-pour-la-co-propriete","status":"publish","type":"page","link":"https:\/\/www.mursporteurs.fr\/?page_id=6","title":{"rendered":"R\u00e8glement co-propri\u00e9t\u00e9"},"content":{"rendered":"<p>Nombre de personne ach\u00e8te un logement en se disant qu&rsquo;ils abattront le <a href=\"http:\/\/www.mursporteurs.fr\/nos-prestations-ouverture-mur-porteur\/\">mur porteur<\/a> entre le s\u00e9jour et la cuisine une fois qu&rsquo;ils deviendront les propri\u00e9taires du logement&#8230; Malheureusement, m\u00eame si techniquement la quasi totalit\u00e9 des projets de ce type sont r\u00e9alisables, ces travaux sont soumis \u00e0 une autorisation pr\u00e9alable de la copropri\u00e9t\u00e9. Ce qui veut dire que si les copropri\u00e9taires s&rsquo;y opposent lors de l&rsquo;assembl\u00e9e, le projet initial peut \u00eatre mis aux oubliettes. C&rsquo;est pourquoi, nous accompagnons nos clients sur la d\u00e9marche \u00e0 suivre pour mettre toutes les chances de leur cot\u00e9 et faire en sorte que leur projet soit valid\u00e9 par l&rsquo;ensemble des copropri\u00e9taires.<\/p>\n<p>La meilleur fa\u00e7on d&rsquo;obtenir cet accord, c&rsquo;est de r\u00e9aliser les travaux dans les r\u00e8gles de l&rsquo;art, de constituer un v\u00e9ritable dossier et de communiquer sur le projet \u00e0 tous les niveaux (Architecte de l&rsquo;immeuble, syndic, voisins, gardien) et en toute transparence.<\/p>\n<p>Voici donc la d\u00e9marche obligatoire qui vous permettra de constituer un dossier solide du projet permettant d&rsquo;obtenir toutes les autorisations.<\/p>\n<h3>1\/ Faire intervenir l&rsquo;architecte de l&rsquo;immeuble qui fera ses recommandations aupr\u00e8s du syndic. Ce 1er point vous permettra de dire \u00e0 vos copropri\u00e9taires que l&rsquo;architecte de l&rsquo;immeuble est au courant du projet, qu&rsquo;il le suit et qu&rsquo;il va r\u00e9diger une synth\u00e8se au syndic.<\/h3>\n<h3>2\/ Faire appel \u00e0 un ma\u00eetre de l&rsquo;art pour \u00e9tablir un devis de r\u00e9alisation : une entreprise g\u00e9n\u00e9rale de B\u00e2timent s\u00e9rieuse ayant les assurances d\u00e9cennales qui correspondent bien \u00e0 ce type de travaux (b\u00e9ton arm\u00e9, d\u00e9molition)<\/h3>\n<p>V\u00e9rifier syst\u00e9matiquement que le document d&rsquo;assurance d\u00e9cennales que vous a transmis l&rsquo;entreprise Tous Corps d&rsquo;\u00c9tat (TCE) est en cours de validit\u00e9 ou pire s&rsquo;il ne s&rsquo;agit pas d&rsquo;un faux.<br \/>\nPour cela, appeler non pas le num\u00e9ro inscrit sur le document mais en consultant l&rsquo;annuaire et en interrogeant directement l&rsquo;assureur sur la police d&rsquo;assurance de cette entreprise.<br \/>\nATTENTION, il y a beaucoup de faux et malheureusement dans ce cas, c&rsquo;est le propri\u00e9taire qui portera la responsabilit\u00e9 de l&rsquo;ouvrage.<br \/>\nSi vous ne vous sentez pas l&rsquo;\u00e2me de trouver une entreprise par vous m\u00eame, de faire les v\u00e9rifications de d\u00e9cennales et la constitution du dossier, vous pouvez \u00e9galement faire appel \u00e0  un Architecte DPLG (Dipl\u00f4m\u00e9 Par Le Gouvernement) pour la constitution du dossier et la coordination des travaux m\u00eame si cela n&rsquo;est pas obligatoire.<br \/>\nEn revanche \u00e9vitez les Architectes d&rsquo;Int\u00e9rieur qui ne sont pas qualifi\u00e9s sur les structures du b\u00e2timent mais plus sur l&rsquo;agencement des logements.<\/p>\n<h3>3\/ L&rsquo;intervention du Bureau d&rsquo;Etudes Techniques (BET)<\/h3>\n<p>Comme vous l&rsquo;imposera l&rsquo;architecte de l&rsquo;immeuble ainsi qu&rsquo;une bonne entreprise g\u00e9n\u00e9rale de b\u00e2timent, l&rsquo;intervention d&rsquo;un B.E.T. (aussi appel\u00e9 ing\u00e9nieur b\u00e9ton) est obligatoire.<br \/>\nLa d\u00e9pose de <a href=\"http:\/\/www.mursporteurs.fr\/\"><em>murs porteurs<\/em><\/a> doit \u00eatre r\u00e9alis\u00e9e suivant les pr\u00e9conisations et les sch\u00e9mas techniques d&rsquo;un bureau d&rsquo;\u00e9tudes sp\u00e9cialis\u00e9 dans les \u00e9tudes de structures.<br \/>\nC&rsquo;est en r\u00e9alit\u00e9 la partie la plus importante du dossier puisque c&rsquo;est le BET qui va fournir les sch\u00e9mas de r\u00e9alisation et qui va porter in fine la responsabilit\u00e9 du projet en terme d&rsquo;assurances.<br \/>\nL&rsquo;intervention du BET se fait bien avant les travaux, en g\u00e9n\u00e9ral avec l&rsquo;entreprise de b\u00e2timent pour voir l&rsquo;organisation structurelle du projet : nombre d&rsquo;\u00e9tages, type de construction (b\u00e9ton arm\u00e9, pierre, colombage, structure acier, m\u00e2chefer, brique&#8230;), port\u00e9e des murs. La r\u00e9alisation de sondage des murs et plafonds peut \u00eatre n\u00e9cessaire.<br \/>\nL&rsquo;intervention conjointe du BET et de l&rsquo;entreprise g\u00e9n\u00e9rale du b\u00e2timent afin d&rsquo;\u00e9tablir le dossier \u00e0 transmettre au syndic est factur\u00e9e entre 1000\u20acHT et 2000\u20acHT selon les bureaux d&rsquo;\u00e9tudes, selon les entrepreneurs et selon la complexit\u00e9 de l&rsquo;\u00e9tude.<br \/>\n<span style=\"text-decoration: underline;\">Ce montant comprend<\/span> :<br \/>\nIntervention conjointe du BET et de l&rsquo;entreprise TCE<br \/>\nR\u00e9daction du devis d\u00e9taill\u00e9 de l&rsquo;entrepreneur avec description de la technique utilis\u00e9e<br \/>\nCalcul de structure permettant d&rsquo;\u00e9tablir les Sch\u00e9mas de r\u00e9alisation (type de fer, technique d&rsquo;ouverture)<br \/>\nAssurances d\u00e9cennales et Responsabilit\u00e9 Civile de l&rsquo;entreprise TCE<br \/>\nAssurances d\u00e9cennales du BET<br \/>\nLettre d&rsquo;accompagnement d\u00e9crivant l&rsquo;existant et la d\u00e9marche.<\/p>\n<p><img loading=\"lazy\" class=\"aligncenter size-full wp-image-209\" title=\"Schema-murs-porteurs\" src=\"http:\/\/www.mursporteurs.fr\/wp-content\/uploads\/2010\/12\/Schema-murs-porteurs1.jpg\" alt=\"\" width=\"390\" height=\"536\" srcset=\"https:\/\/www.mursporteurs.fr\/wp-content\/uploads\/2010\/12\/Schema-murs-porteurs1.jpg 390w, https:\/\/www.mursporteurs.fr\/wp-content\/uploads\/2010\/12\/Schema-murs-porteurs1-218x300.jpg 218w\" sizes=\"(max-width: 390px) 100vw, 390px\" \/><\/p>\n<p><img loading=\"lazy\" class=\"aligncenter size-full wp-image-211\" title=\"Schema-mur-porteur\" src=\"http:\/\/www.mursporteurs.fr\/wp-content\/uploads\/2010\/12\/Schema-mur-porteur.jpg\" alt=\"\" width=\"370\" height=\"420\" srcset=\"https:\/\/www.mursporteurs.fr\/wp-content\/uploads\/2010\/12\/Schema-mur-porteur.jpg 444w, https:\/\/www.mursporteurs.fr\/wp-content\/uploads\/2010\/12\/Schema-mur-porteur-263x300.jpg 263w\" sizes=\"(max-width: 370px) 100vw, 370px\" \/><\/p>\n<h3>4\/ Faire \u00e9tablir un \u00c9tat des Lieux Contradictoire (EDLC)<\/h3>\n<p>A quoi sert un \u00e9tat des lieux contradictoire lors de la d\u00e9pose d&rsquo;un <a href=\"http:\/\/www.mursporteurs.fr\/definition-mur-porteur\/\"><em>mur porteur<\/em><\/a> et par qui faire r\u00e9aliser ce type de document ?<br \/>\nL&rsquo;EDLC sert \u00e0 se prot\u00e9ger des voisins aux intentions malignes. En effet, lors de travaux, il est tr\u00e8s fr\u00e9quent de voir arriver ses nouveaux voisins vous reprocher d&rsquo;avoir endommager leurs murs, d&rsquo;avoir cr\u00e9er des fissures de leur peinture&#8230; et en interrogeant d&rsquo;autres voisins, s&rsquo;apercevoir qu&rsquo;en r\u00e9alit\u00e9 les dommages \u00e9taient d\u00e9j\u00e0 existant bien avant la r\u00e9alisation des travaux.<br \/>\nIl est fr\u00e9quent que certains copropri\u00e9taires mal intentionn\u00e9s tentent de se faire refaire une partie de leur appartement ou se liguent pour faire refaire des parties communes au frais du maitre d&rsquo;ouvrage (le nouvel arrivant) ou de son entrepreneur.<br \/>\nCet \u00e9tat des lieux vise donc \u00e0 noter les d\u00e9g\u00e2ts apparents avant travaux dans les parties communes et chez les voisins entourant directement l&rsquo;appartement o\u00f9 se d\u00e9roulera les travaux de d\u00e9molition.<br \/>\n<span style=\"text-decoration: underline;\">Qui peut r\u00e9diger ce document<\/span> ?<br \/>\nL\u00e9galement, l&rsquo;EDLC peut \u00eatre r\u00e9dig\u00e9 sous seing priv\u00e9 (de gr\u00e9 \u00e0 gr\u00e9), c&rsquo;est \u00e0 dire directement entre voisins.<br \/>\nCependant face aux enjeux, nous ne le recommandons pas, car en cas de sinistre tout devient tout de suite juridique et votre document sera d\u00e9cortiqu\u00e9 et interpr\u00e9t\u00e9 juridiquement avec la plus grande attention&#8230; Nous  recommandons donc grandement de faire appel \u00e0 un Huissier qui lui a l&rsquo;habitude et qui repr\u00e9sente envers la loi un \u00e9tat de fait incontestable. Comptez environ 400 \u20ac<br \/>\nSi vous penchez malgr\u00e9 tout pour un constat sous seing priv\u00e9, je vous recommande de le faire faire par votre entreprise du b\u00e2timent en charge des travaux qui ont des mod\u00e8les et surtout l&rsquo;habitude de traiter ce genre de dossier.<\/p>\n<h3>5\/ Assembl\u00e9e de la copropri\u00e9t\u00e9 :<\/h3>\n<p>Le copropri\u00e9taire a 2 solutions qui s&rsquo;offre \u00e0 lui pour faire voter le projet de <strong>d\u00e9molition de mur porteur<\/strong>.<br \/>\nSoit il met \u00e0 l&rsquo;ordre du jour son projet et attend l&rsquo;assembl\u00e9e ordinaire qui a lieu une fois par an.<br \/>\nSoit il d\u00e9clenche une assembl\u00e9e extraordinaire qui lui permet d&rsquo;avancer les travaux. La plupart des syndics facturent ces assembl\u00e9es extraordinaires. Se renseigner directement aupr\u00e8s de votre syndic<\/p>\n<h3>6\/ La r\u00e9alisation :<\/h3>\n<p>Une fois le dossier constitu\u00e9 et l&rsquo;accord de la copropri\u00e9t\u00e9 obtenir, vous pouvez enfin faire intervenir votre entreprise g\u00e9n\u00e9rale TCE, une entreprise de d\u00e9molition ou encore une entreprise de ma\u00e7onnerie avec les d\u00e9cennales de d\u00e9molition et d&rsquo;ouvrage en b\u00e9ton arm\u00e9<\/p>\n","protected":false},"excerpt":{"rendered":"<p>Nombre de personne ach\u00e8te un logement en se disant qu&rsquo;ils abattront le mur porteur entre le s\u00e9jour et la cuisine une fois qu&rsquo;ils deviendront les propri\u00e9taires du logement&#8230; Malheureusement, m\u00eame si techniquement la quasi totalit\u00e9 des projets de ce type &hellip; <a href=\"https:\/\/www.mursporteurs.fr\/?page_id=6\">Continuer la lecture <span class=\"meta-nav\">&rarr;<\/span><\/a><\/p>\n","protected":false},"author":1,"featured_media":0,"parent":0,"menu_order":10,"comment_status":"open","ping_status":"open","template":"","meta":[],"yoast_head":"<!-- This site is optimized with the Yoast SEO plugin v17.4 - https:\/\/yoast.com\/wordpress\/plugins\/seo\/ -->\n<meta name=\"robots\" content=\"index, follow, max-snippet:-1, max-image-preview:large, max-video-preview:-1\" \/>\n<link rel=\"canonical\" href=\"https:\/\/www.mursporteurs.fr\/?page_id=6\" \/>\n<meta property=\"og:locale\" content=\"fr_FR\" \/>\n<meta property=\"og:type\" content=\"article\" \/>\n<meta property=\"og:title\" content=\"R\u00e8glement co-propri\u00e9t\u00e9 - Murs Porteurs\" \/>\n<meta property=\"og:description\" content=\"Nombre de personne ach\u00e8te un logement en se disant qu&rsquo;ils abattront le mur porteur entre le s\u00e9jour et la cuisine une fois qu&rsquo;ils deviendront les propri\u00e9taires du logement&#8230; Malheureusement, m\u00eame si techniquement la quasi totalit\u00e9 des projets de ce type &hellip; Continuer la lecture &rarr;\" \/>\n<meta property=\"og:url\" content=\"https:\/\/www.mursporteurs.fr\/?page_id=6\" \/>\n<meta property=\"og:site_name\" content=\"Murs Porteurs\" \/>\n<meta property=\"article:modified_time\" content=\"2011-01-04T14:20:13+00:00\" \/>\n<meta property=\"og:image\" content=\"http:\/\/www.mursporteurs.fr\/wp-content\/uploads\/2010\/12\/Schema-murs-porteurs1.jpg\" \/>\n<meta name=\"twitter:card\" content=\"summary_large_image\" \/>\n<meta name=\"twitter:label1\" content=\"Dur\u00e9e de lecture est.\" \/>\n\t<meta name=\"twitter:data1\" content=\"6 minutes\" \/>\n<script type=\"application\/ld+json\" class=\"yoast-schema-graph\">{\"@context\":\"https:\/\/schema.org\",\"@graph\":[{\"@type\":\"WebSite\",\"@id\":\"https:\/\/www.mursporteurs.fr\/#website\",\"url\":\"https:\/\/www.mursporteurs.fr\/\",\"name\":\"Murs Porteurs\",\"description\":\"Entreprise sp\\u00e9cialis\\u00e9e dans l&#039;ouverture de murs porteurs, les extensions et les sur\\u00e9l\\u00e9vations de maisons sur Paris et r\\u00e9gion parisienne.\",\"potentialAction\":[{\"@type\":\"SearchAction\",\"target\":{\"@type\":\"EntryPoint\",\"urlTemplate\":\"https:\/\/www.mursporteurs.fr\/?s={search_term_string}\"},\"query-input\":\"required name=search_term_string\"}],\"inLanguage\":\"fr-FR\"},{\"@type\":\"ImageObject\",\"@id\":\"https:\/\/www.mursporteurs.fr\/?page_id=6#primaryimage\",\"inLanguage\":\"fr-FR\",\"url\":\"http:\/\/www.mursporteurs.fr\/wp-content\/uploads\/2010\/12\/Schema-murs-porteurs1.jpg\",\"contentUrl\":\"http:\/\/www.mursporteurs.fr\/wp-content\/uploads\/2010\/12\/Schema-murs-porteurs1.jpg\"},{\"@type\":\"WebPage\",\"@id\":\"https:\/\/www.mursporteurs.fr\/?page_id=6#webpage\",\"url\":\"https:\/\/www.mursporteurs.fr\/?page_id=6\",\"name\":\"R\\u00e8glement co-propri\\u00e9t\\u00e9 - Murs Porteurs\",\"isPartOf\":{\"@id\":\"https:\/\/www.mursporteurs.fr\/#website\"},\"primaryImageOfPage\":{\"@id\":\"https:\/\/www.mursporteurs.fr\/?page_id=6#primaryimage\"},\"datePublished\":\"2010-12-03T14:36:54+00:00\",\"dateModified\":\"2011-01-04T14:20:13+00:00\",\"breadcrumb\":{\"@id\":\"https:\/\/www.mursporteurs.fr\/?page_id=6#breadcrumb\"},\"inLanguage\":\"fr-FR\",\"potentialAction\":[{\"@type\":\"ReadAction\",\"target\":[\"https:\/\/www.mursporteurs.fr\/?page_id=6\"]}]},{\"@type\":\"BreadcrumbList\",\"@id\":\"https:\/\/www.mursporteurs.fr\/?page_id=6#breadcrumb\",\"itemListElement\":[{\"@type\":\"ListItem\",\"position\":1,\"name\":\"Accueil\",\"item\":\"https:\/\/www.mursporteurs.fr\/\"},{\"@type\":\"ListItem\",\"position\":2,\"name\":\"R\\u00e8glement co-propri\\u00e9t\\u00e9\"}]}]}<\/script>\n<!-- \/ Yoast SEO plugin. -->","yoast_head_json":{"robots":{"index":"index","follow":"follow","max-snippet":"max-snippet:-1","max-image-preview":"max-image-preview:large","max-video-preview":"max-video-preview:-1"},"canonical":"https:\/\/www.mursporteurs.fr\/?page_id=6","og_locale":"fr_FR","og_type":"article","og_title":"R\u00e8glement co-propri\u00e9t\u00e9 - Murs Porteurs","og_description":"Nombre de personne ach\u00e8te un logement en se disant qu&rsquo;ils abattront le mur porteur entre le s\u00e9jour et la cuisine une fois qu&rsquo;ils deviendront les propri\u00e9taires du logement&#8230; Malheureusement, m\u00eame si techniquement la quasi totalit\u00e9 des projets de ce type &hellip; Continuer la lecture &rarr;","og_url":"https:\/\/www.mursporteurs.fr\/?page_id=6","og_site_name":"Murs Porteurs","article_modified_time":"2011-01-04T14:20:13+00:00","og_image":[{"url":"http:\/\/www.mursporteurs.fr\/wp-content\/uploads\/2010\/12\/Schema-murs-porteurs1.jpg"}],"twitter_card":"summary_large_image","twitter_misc":{"Dur\u00e9e de lecture est.":"6 minutes"},"schema":{"@context":"https:\/\/schema.org","@graph":[{"@type":"WebSite","@id":"https:\/\/www.mursporteurs.fr\/#website","url":"https:\/\/www.mursporteurs.fr\/","name":"Murs Porteurs","description":"Entreprise sp\u00e9cialis\u00e9e dans l&#039;ouverture de murs porteurs, les extensions et les sur\u00e9l\u00e9vations de maisons sur Paris et r\u00e9gion parisienne.","potentialAction":[{"@type":"SearchAction","target":{"@type":"EntryPoint","urlTemplate":"https:\/\/www.mursporteurs.fr\/?s={search_term_string}"},"query-input":"required name=search_term_string"}],"inLanguage":"fr-FR"},{"@type":"ImageObject","@id":"https:\/\/www.mursporteurs.fr\/?page_id=6#primaryimage","inLanguage":"fr-FR","url":"http:\/\/www.mursporteurs.fr\/wp-content\/uploads\/2010\/12\/Schema-murs-porteurs1.jpg","contentUrl":"http:\/\/www.mursporteurs.fr\/wp-content\/uploads\/2010\/12\/Schema-murs-porteurs1.jpg"},{"@type":"WebPage","@id":"https:\/\/www.mursporteurs.fr\/?page_id=6#webpage","url":"https:\/\/www.mursporteurs.fr\/?page_id=6","name":"R\u00e8glement co-propri\u00e9t\u00e9 - Murs Porteurs","isPartOf":{"@id":"https:\/\/www.mursporteurs.fr\/#website"},"primaryImageOfPage":{"@id":"https:\/\/www.mursporteurs.fr\/?page_id=6#primaryimage"},"datePublished":"2010-12-03T14:36:54+00:00","dateModified":"2011-01-04T14:20:13+00:00","breadcrumb":{"@id":"https:\/\/www.mursporteurs.fr\/?page_id=6#breadcrumb"},"inLanguage":"fr-FR","potentialAction":[{"@type":"ReadAction","target":["https:\/\/www.mursporteurs.fr\/?page_id=6"]}]},{"@type":"BreadcrumbList","@id":"https:\/\/www.mursporteurs.fr\/?page_id=6#breadcrumb","itemListElement":[{"@type":"ListItem","position":1,"name":"Accueil","item":"https:\/\/www.mursporteurs.fr\/"},{"@type":"ListItem","position":2,"name":"R\u00e8glement co-propri\u00e9t\u00e9"}]}]}},"_links":{"self":[{"href":"https:\/\/www.mursporteurs.fr\/index.php?rest_route=\/wp\/v2\/pages\/6"}],"collection":[{"href":"https:\/\/www.mursporteurs.fr\/index.php?rest_route=\/wp\/v2\/pages"}],"about":[{"href":"https:\/\/www.mursporteurs.fr\/index.php?rest_route=\/wp\/v2\/types\/page"}],"author":[{"embeddable":true,"href":"https:\/\/www.mursporteurs.fr\/index.php?rest_route=\/wp\/v2\/users\/1"}],"replies":[{"embeddable":true,"href":"https:\/\/www.mursporteurs.fr\/index.php?rest_route=%2Fwp%2Fv2%2Fcomments&post=6"}],"version-history":[{"count":16,"href":"https:\/\/www.mursporteurs.fr\/index.php?rest_route=\/wp\/v2\/pages\/6\/revisions"}],"predecessor-version":[{"id":212,"href":"https:\/\/www.mursporteurs.fr\/index.php?rest_route=\/wp\/v2\/pages\/6\/revisions\/212"}],"wp:attachment":[{"href":"https:\/\/www.mursporteurs.fr\/index.php?rest_route=%2Fwp%2Fv2%2Fmedia&parent=6"}],"curies":[{"name":"wp","href":"https:\/\/api.w.org\/{rel}","templated":true}]}}