{"id":501,"date":"2010-08-01T09:42:26","date_gmt":"2010-08-01T16:42:26","guid":{"rendered":"http:\/\/wpthemetestdata.wordpress.com\/"},"modified":"2010-08-01T09:42:26","modified_gmt":"2010-08-01T16:42:26","slug":"clearing-floats","status":"publish","type":"page","link":"https:\/\/www.mursporteurs.fr\/?page_id=501","title":{"rendered":"Clearing Floats"},"content":{"rendered":"<p>The last item in this page&rsquo;s content is a floated image. Make sure any elements after it are clearing properly.<\/p>\n<p><img loading=\"lazy\" class=\"alignleft size-thumbnail wp-image-827\" title=\"Camera\" src=\"https:\/\/colorlib.com\/flexible\/wp-content\/uploads\/sites\/12\/2012\/07\/manhattansummer.jpg?w=150\" alt=\"\" width=\"150\" height=\"112\" \/><\/p>\n","protected":false},"excerpt":{"rendered":"<p>The last item in this page&rsquo;s content is a floated image. Make sure any elements after it are clearing properly.<\/p>\n","protected":false},"author":1,"featured_media":0,"parent":437,"menu_order":2,"comment_status":"closed","ping_status":"closed","template":"","meta":[],"yoast_head":"<!-- This site is optimized with the Yoast SEO plugin v17.4 - https:\/\/yoast.com\/wordpress\/plugins\/seo\/ -->\n<meta name=\"robots\" content=\"index, follow, max-snippet:-1, max-image-preview:large, max-video-preview:-1\" \/>\n<link rel=\"canonical\" href=\"https:\/\/www.mursporteurs.fr\/?page_id=501\" \/>\n<meta property=\"og:locale\" content=\"fr_FR\" \/>\n<meta property=\"og:type\" content=\"article\" \/>\n<meta property=\"og:title\" content=\"Clearing Floats - Murs Porteurs\" \/>\n<meta property=\"og:description\" content=\"The last item in this page&rsquo;s content is a floated image. Make sure any elements after it are clearing properly.\" \/>\n<meta property=\"og:url\" content=\"https:\/\/www.mursporteurs.fr\/?page_id=501\" \/>\n<meta property=\"og:site_name\" content=\"Murs Porteurs\" \/>\n<meta property=\"og:image\" content=\"https:\/\/colorlib.com\/flexible\/wp-content\/uploads\/sites\/12\/2012\/07\/manhattansummer.jpg?w=150\" \/>\n<meta name=\"twitter:card\" content=\"summary_large_image\" \/>\n<script type=\"application\/ld+json\" class=\"yoast-schema-graph\">{\"@context\":\"https:\/\/schema.org\",\"@graph\":[{\"@type\":\"WebSite\",\"@id\":\"https:\/\/www.mursporteurs.fr\/#website\",\"url\":\"https:\/\/www.mursporteurs.fr\/\",\"name\":\"Murs Porteurs\",\"description\":\"Entreprise sp\\u00e9cialis\\u00e9e dans l&#039;ouverture de murs porteurs, les extensions et les sur\\u00e9l\\u00e9vations de maisons sur Paris et r\\u00e9gion parisienne.\",\"potentialAction\":[{\"@type\":\"SearchAction\",\"target\":{\"@type\":\"EntryPoint\",\"urlTemplate\":\"https:\/\/www.mursporteurs.fr\/?s={search_term_string}\"},\"query-input\":\"required name=search_term_string\"}],\"inLanguage\":\"fr-FR\"},{\"@type\":\"ImageObject\",\"@id\":\"https:\/\/www.mursporteurs.fr\/?page_id=501#primaryimage\",\"inLanguage\":\"fr-FR\",\"url\":\"https:\/\/colorlib.com\/flexible\/wp-content\/uploads\/sites\/12\/2012\/07\/manhattansummer.jpg?w=150\",\"contentUrl\":\"https:\/\/colorlib.com\/flexible\/wp-content\/uploads\/sites\/12\/2012\/07\/manhattansummer.jpg?w=150\"},{\"@type\":\"WebPage\",\"@id\":\"https:\/\/www.mursporteurs.fr\/?page_id=501#webpage\",\"url\":\"https:\/\/www.mursporteurs.fr\/?page_id=501\",\"name\":\"Clearing Floats - Murs Porteurs\",\"isPartOf\":{\"@id\":\"https:\/\/www.mursporteurs.fr\/#website\"},\"primaryImageOfPage\":{\"@id\":\"https:\/\/www.mursporteurs.fr\/?page_id=501#primaryimage\"},\"datePublished\":\"2010-08-01T16:42:26+00:00\",\"dateModified\":\"2010-08-01T16:42:26+00:00\",\"breadcrumb\":{\"@id\":\"https:\/\/www.mursporteurs.fr\/?page_id=501#breadcrumb\"},\"inLanguage\":\"fr-FR\",\"potentialAction\":[{\"@type\":\"ReadAction\",\"target\":[\"https:\/\/www.mursporteurs.fr\/?page_id=501\"]}]},{\"@type\":\"BreadcrumbList\",\"@id\":\"https:\/\/www.mursporteurs.fr\/?page_id=501#breadcrumb\",\"itemListElement\":[{\"@type\":\"ListItem\",\"position\":1,\"name\":\"Accueil\",\"item\":\"https:\/\/www.mursporteurs.fr\/\"},{\"@type\":\"ListItem\",\"position\":2,\"name\":\"About The Tests\",\"item\":\"https:\/\/www.mursporteurs.fr\/?page_id=437\"},{\"@type\":\"ListItem\",\"position\":3,\"name\":\"Clearing Floats\"}]}]}<\/script>\n<!-- \/ Yoast SEO plugin. -->","yoast_head_json":{"robots":{"index":"index","follow":"follow","max-snippet":"max-snippet:-1","max-image-preview":"max-image-preview:large","max-video-preview":"max-video-preview:-1"},"canonical":"https:\/\/www.mursporteurs.fr\/?page_id=501","og_locale":"fr_FR","og_type":"article","og_title":"Clearing Floats - Murs Porteurs","og_description":"The last item in this page&rsquo;s content is a floated image. Make sure any elements after it are clearing properly.","og_url":"https:\/\/www.mursporteurs.fr\/?page_id=501","og_site_name":"Murs Porteurs","og_image":[{"url":"https:\/\/colorlib.com\/flexible\/wp-content\/uploads\/sites\/12\/2012\/07\/manhattansummer.jpg?w=150"}],"twitter_card":"summary_large_image","schema":{"@context":"https:\/\/schema.org","@graph":[{"@type":"WebSite","@id":"https:\/\/www.mursporteurs.fr\/#website","url":"https:\/\/www.mursporteurs.fr\/","name":"Murs Porteurs","description":"Entreprise sp\u00e9cialis\u00e9e dans l&#039;ouverture de murs porteurs, les extensions et les sur\u00e9l\u00e9vations de maisons sur Paris et r\u00e9gion parisienne.","potentialAction":[{"@type":"SearchAction","target":{"@type":"EntryPoint","urlTemplate":"https:\/\/www.mursporteurs.fr\/?s={search_term_string}"},"query-input":"required name=search_term_string"}],"inLanguage":"fr-FR"},{"@type":"ImageObject","@id":"https:\/\/www.mursporteurs.fr\/?page_id=501#primaryimage","inLanguage":"fr-FR","url":"https:\/\/colorlib.com\/flexible\/wp-content\/uploads\/sites\/12\/2012\/07\/manhattansummer.jpg?w=150","contentUrl":"https:\/\/colorlib.com\/flexible\/wp-content\/uploads\/sites\/12\/2012\/07\/manhattansummer.jpg?w=150"},{"@type":"WebPage","@id":"https:\/\/www.mursporteurs.fr\/?page_id=501#webpage","url":"https:\/\/www.mursporteurs.fr\/?page_id=501","name":"Clearing Floats - Murs Porteurs","isPartOf":{"@id":"https:\/\/www.mursporteurs.fr\/#website"},"primaryImageOfPage":{"@id":"https:\/\/www.mursporteurs.fr\/?page_id=501#primaryimage"},"datePublished":"2010-08-01T16:42:26+00:00","dateModified":"2010-08-01T16:42:26+00:00","breadcrumb":{"@id":"https:\/\/www.mursporteurs.fr\/?page_id=501#breadcrumb"},"inLanguage":"fr-FR","potentialAction":[{"@type":"ReadAction","target":["https:\/\/www.mursporteurs.fr\/?page_id=501"]}]},{"@type":"BreadcrumbList","@id":"https:\/\/www.mursporteurs.fr\/?page_id=501#breadcrumb","itemListElement":[{"@type":"ListItem","position":1,"name":"Accueil","item":"https:\/\/www.mursporteurs.fr\/"},{"@type":"ListItem","position":2,"name":"About The Tests","item":"https:\/\/www.mursporteurs.fr\/?page_id=437"},{"@type":"ListItem","position":3,"name":"Clearing Floats"}]}]}},"_links":{"self":[{"href":"https:\/\/www.mursporteurs.fr\/index.php?rest_route=\/wp\/v2\/pages\/501"}],"collection":[{"href":"https:\/\/www.mursporteurs.fr\/index.php?rest_route=\/wp\/v2\/pages"}],"about":[{"href":"https:\/\/www.mursporteurs.fr\/index.php?rest_route=\/wp\/v2\/types\/page"}],"author":[{"embeddable":true,"href":"https:\/\/www.mursporteurs.fr\/index.php?rest_route=\/wp\/v2\/users\/1"}],"replies":[{"embeddable":true,"href":"https:\/\/www.mursporteurs.fr\/index.php?rest_route=%2Fwp%2Fv2%2Fcomments&post=501"}],"version-history":[{"count":0,"href":"https:\/\/www.mursporteurs.fr\/index.php?rest_route=\/wp\/v2\/pages\/501\/revisions"}],"up":[{"embeddable":true,"href":"https:\/\/www.mursporteurs.fr\/index.php?rest_route=\/wp\/v2\/pages\/437"}],"wp:attachment":[{"href":"https:\/\/www.mursporteurs.fr\/index.php?rest_route=%2Fwp%2Fv2%2Fmedia&parent=501"}],"curies":[{"name":"wp","href":"https:\/\/api.w.org\/{rel}","templated":true}]}}