{"id":439,"date":"2007-09-04T10:47:47","date_gmt":"2007-09-04T17:47:47","guid":{"rendered":"http:\/\/wpthemetestdata.wordpress.com\/page-with-comments\/"},"modified":"2007-09-04T10:47:47","modified_gmt":"2007-09-04T17:47:47","slug":"page-with-comments","status":"publish","type":"page","link":"https:\/\/www.mursporteurs.fr\/?page_id=439","title":{"rendered":"Page with comments"},"content":{"rendered":"<p>Repository-hosted Themes are required to support display of comments on static Pages as well as on single blog Posts. \u00a0This static Page has comments, and these comments should be displayed.<br \/>\nIf the Theme includes a custom option to prevent static Pages from displaying comments, such option must be disabled (i.e. so that static Pages display comments) by default.<br \/>\nAlso, verify that this Page does not display taxonomy information (e.g. categories or tags) or\u00a0time-stamp\u00a0information (Page publish date\/time).<\/p>\n","protected":false},"excerpt":{"rendered":"<p>Repository-hosted Themes are required to support display of comments on static Pages as well as on single blog Posts. \u00a0This static Page has comments, and these comments should be displayed. If the Theme includes a custom option to prevent static &hellip; <a href=\"https:\/\/www.mursporteurs.fr\/?page_id=439\">Continuer la lecture <span class=\"meta-nav\">&rarr;<\/span><\/a><\/p>\n","protected":false},"author":1,"featured_media":0,"parent":437,"menu_order":3,"comment_status":"open","ping_status":"closed","template":"","meta":[],"yoast_head":"<!-- This site is optimized with the Yoast SEO plugin v17.4 - https:\/\/yoast.com\/wordpress\/plugins\/seo\/ -->\n<meta name=\"robots\" content=\"index, follow, max-snippet:-1, max-image-preview:large, max-video-preview:-1\" \/>\n<link rel=\"canonical\" href=\"https:\/\/www.mursporteurs.fr\/?page_id=439\" \/>\n<meta property=\"og:locale\" content=\"fr_FR\" \/>\n<meta property=\"og:type\" content=\"article\" \/>\n<meta property=\"og:title\" content=\"Page with comments - Murs Porteurs\" \/>\n<meta property=\"og:description\" content=\"Repository-hosted Themes are required to support display of comments on static Pages as well as on single blog Posts. \u00a0This static Page has comments, and these comments should be displayed. If the Theme includes a custom option to prevent static &hellip; Continuer la lecture &rarr;\" \/>\n<meta property=\"og:url\" content=\"https:\/\/www.mursporteurs.fr\/?page_id=439\" \/>\n<meta property=\"og:site_name\" content=\"Murs Porteurs\" \/>\n<meta name=\"twitter:card\" content=\"summary_large_image\" \/>\n<script type=\"application\/ld+json\" class=\"yoast-schema-graph\">{\"@context\":\"https:\/\/schema.org\",\"@graph\":[{\"@type\":\"WebSite\",\"@id\":\"https:\/\/www.mursporteurs.fr\/#website\",\"url\":\"https:\/\/www.mursporteurs.fr\/\",\"name\":\"Murs Porteurs\",\"description\":\"Entreprise sp\\u00e9cialis\\u00e9e dans l&#039;ouverture de murs porteurs, les extensions et les sur\\u00e9l\\u00e9vations de maisons sur Paris et r\\u00e9gion parisienne.\",\"potentialAction\":[{\"@type\":\"SearchAction\",\"target\":{\"@type\":\"EntryPoint\",\"urlTemplate\":\"https:\/\/www.mursporteurs.fr\/?s={search_term_string}\"},\"query-input\":\"required name=search_term_string\"}],\"inLanguage\":\"fr-FR\"},{\"@type\":\"WebPage\",\"@id\":\"https:\/\/www.mursporteurs.fr\/?page_id=439#webpage\",\"url\":\"https:\/\/www.mursporteurs.fr\/?page_id=439\",\"name\":\"Page with comments - Murs Porteurs\",\"isPartOf\":{\"@id\":\"https:\/\/www.mursporteurs.fr\/#website\"},\"datePublished\":\"2007-09-04T17:47:47+00:00\",\"dateModified\":\"2007-09-04T17:47:47+00:00\",\"breadcrumb\":{\"@id\":\"https:\/\/www.mursporteurs.fr\/?page_id=439#breadcrumb\"},\"inLanguage\":\"fr-FR\",\"potentialAction\":[{\"@type\":\"ReadAction\",\"target\":[\"https:\/\/www.mursporteurs.fr\/?page_id=439\"]}]},{\"@type\":\"BreadcrumbList\",\"@id\":\"https:\/\/www.mursporteurs.fr\/?page_id=439#breadcrumb\",\"itemListElement\":[{\"@type\":\"ListItem\",\"position\":1,\"name\":\"Accueil\",\"item\":\"https:\/\/www.mursporteurs.fr\/\"},{\"@type\":\"ListItem\",\"position\":2,\"name\":\"About The Tests\",\"item\":\"https:\/\/www.mursporteurs.fr\/?page_id=437\"},{\"@type\":\"ListItem\",\"position\":3,\"name\":\"Page with comments\"}]}]}<\/script>\n<!-- \/ Yoast SEO plugin. -->","yoast_head_json":{"robots":{"index":"index","follow":"follow","max-snippet":"max-snippet:-1","max-image-preview":"max-image-preview:large","max-video-preview":"max-video-preview:-1"},"canonical":"https:\/\/www.mursporteurs.fr\/?page_id=439","og_locale":"fr_FR","og_type":"article","og_title":"Page with comments - Murs Porteurs","og_description":"Repository-hosted Themes are required to support display of comments on static Pages as well as on single blog Posts. \u00a0This static Page has comments, and these comments should be displayed. If the Theme includes a custom option to prevent static &hellip; Continuer la lecture &rarr;","og_url":"https:\/\/www.mursporteurs.fr\/?page_id=439","og_site_name":"Murs Porteurs","twitter_card":"summary_large_image","schema":{"@context":"https:\/\/schema.org","@graph":[{"@type":"WebSite","@id":"https:\/\/www.mursporteurs.fr\/#website","url":"https:\/\/www.mursporteurs.fr\/","name":"Murs Porteurs","description":"Entreprise sp\u00e9cialis\u00e9e dans l&#039;ouverture de murs porteurs, les extensions et les sur\u00e9l\u00e9vations de maisons sur Paris et r\u00e9gion parisienne.","potentialAction":[{"@type":"SearchAction","target":{"@type":"EntryPoint","urlTemplate":"https:\/\/www.mursporteurs.fr\/?s={search_term_string}"},"query-input":"required name=search_term_string"}],"inLanguage":"fr-FR"},{"@type":"WebPage","@id":"https:\/\/www.mursporteurs.fr\/?page_id=439#webpage","url":"https:\/\/www.mursporteurs.fr\/?page_id=439","name":"Page with comments - Murs Porteurs","isPartOf":{"@id":"https:\/\/www.mursporteurs.fr\/#website"},"datePublished":"2007-09-04T17:47:47+00:00","dateModified":"2007-09-04T17:47:47+00:00","breadcrumb":{"@id":"https:\/\/www.mursporteurs.fr\/?page_id=439#breadcrumb"},"inLanguage":"fr-FR","potentialAction":[{"@type":"ReadAction","target":["https:\/\/www.mursporteurs.fr\/?page_id=439"]}]},{"@type":"BreadcrumbList","@id":"https:\/\/www.mursporteurs.fr\/?page_id=439#breadcrumb","itemListElement":[{"@type":"ListItem","position":1,"name":"Accueil","item":"https:\/\/www.mursporteurs.fr\/"},{"@type":"ListItem","position":2,"name":"About The Tests","item":"https:\/\/www.mursporteurs.fr\/?page_id=437"},{"@type":"ListItem","position":3,"name":"Page with comments"}]}]}},"_links":{"self":[{"href":"https:\/\/www.mursporteurs.fr\/index.php?rest_route=\/wp\/v2\/pages\/439"}],"collection":[{"href":"https:\/\/www.mursporteurs.fr\/index.php?rest_route=\/wp\/v2\/pages"}],"about":[{"href":"https:\/\/www.mursporteurs.fr\/index.php?rest_route=\/wp\/v2\/types\/page"}],"author":[{"embeddable":true,"href":"https:\/\/www.mursporteurs.fr\/index.php?rest_route=\/wp\/v2\/users\/1"}],"replies":[{"embeddable":true,"href":"https:\/\/www.mursporteurs.fr\/index.php?rest_route=%2Fwp%2Fv2%2Fcomments&post=439"}],"version-history":[{"count":0,"href":"https:\/\/www.mursporteurs.fr\/index.php?rest_route=\/wp\/v2\/pages\/439\/revisions"}],"up":[{"embeddable":true,"href":"https:\/\/www.mursporteurs.fr\/index.php?rest_route=\/wp\/v2\/pages\/437"}],"wp:attachment":[{"href":"https:\/\/www.mursporteurs.fr\/index.php?rest_route=%2Fwp%2Fv2%2Fmedia&parent=439"}],"curies":[{"name":"wp","href":"https:\/\/api.w.org\/{rel}","templated":true}]}}