{"id":41,"date":"2010-12-03T17:52:43","date_gmt":"2010-12-03T16:52:43","guid":{"rendered":"http:\/\/www.mursporteurs.fr\/"},"modified":"2010-12-06T10:22:03","modified_gmt":"2010-12-06T09:22:03","slug":"les-differents-type-de-poutres","status":"publish","type":"page","link":"https:\/\/www.mursporteurs.fr\/?page_id=41","title":{"rendered":"Les diff\u00e9rents type de poutres"},"content":{"rendered":"<h3>Les poutrelles les plus utilis\u00e9es dans la d\u00e9molition de murs porteurs sont les poutrelles en I, en H et en U.<\/h3>\n<p>Ces poutrelles ont chacune des caract\u00e9ristiques de r\u00e9sistance et de flexion qui leur est propre.<\/p>\n<p>Le choix parmi ces poutrelles pour la d\u00e9pose d&rsquo;un <a href=\"http:\/\/www.mursporteurs.fr\/\">mur porteur<\/a> appartient uniquement au B.E.T.<\/p>\n<p>Les Abaques pr\u00e9sents ci-dessous ne sont qu&rsquo;\u00e0 titre d&rsquo;information mais en aucun cas un constructeur et encore moins un particulier ne pourrait prendre la responsabilit\u00e9 du choix parmi celles-ci.<\/p>\n<h3>IPN et IPE<\/h3>\n<p><a href=\"http:\/\/www.mursporteurs.fr\/wp-content\/uploads\/2010\/12\/ipn.jpg\"><img loading=\"lazy\" class=\"alignnone size-full wp-image-45\" title=\"ipn, mur porteur, abattre mur porteur, percer mur porteur\" src=\"http:\/\/www.mursporteurs.fr\/wp-content\/uploads\/2010\/12\/ipn.jpg\" alt=\"\" width=\"161\" height=\"214\" \/><\/a><\/p>\n<p>Les profils en I (IPE\/IPN) sont inscrits dans un rectangle avec des ailes plus \u00e9troites et plus \u00e9paisses que l&rsquo;\u00e2me (partie centrale).<\/p>\n<p>Ces profil\u00e9s sont surtout utilis\u00e9s en poutre horizontale.<\/p>\n<h3>HEA, HEB et HEM<\/h3>\n<h3><a href=\"http:\/\/www.mursporteurs.fr\/wp-content\/uploads\/2010\/12\/hea.jpg\"><img loading=\"lazy\" title=\"hea, mur porteur, ouverture mur porteur, percer mur porteur\" src=\"http:\/\/www.mursporteurs.fr\/wp-content\/uploads\/2010\/12\/hea.jpg\" alt=\"\" width=\"133\" height=\"233\" \/><\/a><\/h3>\n<p>Les profils en H sont inscrits dans un carr\u00e9 avec une largeur de l&rsquo;aile sensiblement \u00e9gale \u00e0 la hauteur de l&rsquo;\u00e2me.<\/p>\n<p>Les H sont tr\u00e8s utilis\u00e9s en poteau (poutrelle verticale) mais \u00e9galement en poutre horizontale.<\/p>\n<h3>UAP, UPN<\/h3>\n<p><a href=\"http:\/\/www.mursporteurs.fr\/wp-content\/uploads\/2010\/12\/upn1.jpg\"><img loading=\"lazy\" class=\"alignnone size-full wp-image-48\" title=\"upn, mur porteur, casser mur porteur, construire mur porteur\" src=\"http:\/\/www.mursporteurs.fr\/wp-content\/uploads\/2010\/12\/upn1.jpg\" alt=\"\" width=\"169\" height=\"122\" \/><\/a><\/p>\n<p>Leur profil s&rsquo;inscrit dans un rectangle, comme les I avec des ailes plus \u00e9troite que l&rsquo;\u00e2me.<br \/>\nLes U sont tr\u00e8s utilis\u00e9s en poutre pour le moisage (pincement de murs).<\/p>\n","protected":false},"excerpt":{"rendered":"<p>Les poutrelles les plus utilis\u00e9es dans la d\u00e9molition de murs porteurs sont les poutrelles en I, en H et en U. Ces poutrelles ont chacune des caract\u00e9ristiques de r\u00e9sistance et de flexion qui leur est propre. Le choix parmi ces &hellip; <a href=\"https:\/\/www.mursporteurs.fr\/?page_id=41\">Continuer la lecture <span class=\"meta-nav\">&rarr;<\/span><\/a><\/p>\n","protected":false},"author":1,"featured_media":0,"parent":0,"menu_order":110,"comment_status":"open","ping_status":"open","template":"","meta":[],"yoast_head":"<!-- This site is optimized with the Yoast SEO plugin v17.4 - https:\/\/yoast.com\/wordpress\/plugins\/seo\/ -->\n<meta name=\"robots\" content=\"index, follow, max-snippet:-1, max-image-preview:large, max-video-preview:-1\" \/>\n<link rel=\"canonical\" href=\"https:\/\/www.mursporteurs.fr\/?page_id=41\" \/>\n<meta property=\"og:locale\" content=\"fr_FR\" \/>\n<meta property=\"og:type\" content=\"article\" \/>\n<meta property=\"og:title\" content=\"Les diff\u00e9rents type de poutres - Murs Porteurs\" \/>\n<meta property=\"og:description\" content=\"Les poutrelles les plus utilis\u00e9es dans la d\u00e9molition de murs porteurs sont les poutrelles en I, en H et en U. Ces poutrelles ont chacune des caract\u00e9ristiques de r\u00e9sistance et de flexion qui leur est propre. Le choix parmi ces &hellip; Continuer la lecture &rarr;\" \/>\n<meta property=\"og:url\" content=\"https:\/\/www.mursporteurs.fr\/?page_id=41\" \/>\n<meta property=\"og:site_name\" content=\"Murs Porteurs\" \/>\n<meta property=\"article:modified_time\" content=\"2010-12-06T09:22:03+00:00\" \/>\n<meta property=\"og:image\" content=\"http:\/\/www.mursporteurs.fr\/wp-content\/uploads\/2010\/12\/ipn.jpg\" \/>\n<meta name=\"twitter:card\" content=\"summary_large_image\" \/>\n<meta name=\"twitter:label1\" content=\"Dur\u00e9e de lecture est.\" \/>\n\t<meta name=\"twitter:data1\" content=\"1 minute\" \/>\n<script type=\"application\/ld+json\" class=\"yoast-schema-graph\">{\"@context\":\"https:\/\/schema.org\",\"@graph\":[{\"@type\":\"WebSite\",\"@id\":\"https:\/\/www.mursporteurs.fr\/#website\",\"url\":\"https:\/\/www.mursporteurs.fr\/\",\"name\":\"Murs Porteurs\",\"description\":\"Entreprise sp\\u00e9cialis\\u00e9e dans l&#039;ouverture de murs porteurs, les extensions et les sur\\u00e9l\\u00e9vations de maisons sur Paris et r\\u00e9gion parisienne.\",\"potentialAction\":[{\"@type\":\"SearchAction\",\"target\":{\"@type\":\"EntryPoint\",\"urlTemplate\":\"https:\/\/www.mursporteurs.fr\/?s={search_term_string}\"},\"query-input\":\"required name=search_term_string\"}],\"inLanguage\":\"fr-FR\"},{\"@type\":\"ImageObject\",\"@id\":\"https:\/\/www.mursporteurs.fr\/?page_id=41#primaryimage\",\"inLanguage\":\"fr-FR\",\"url\":\"http:\/\/www.mursporteurs.fr\/wp-content\/uploads\/2010\/12\/ipn.jpg\",\"contentUrl\":\"http:\/\/www.mursporteurs.fr\/wp-content\/uploads\/2010\/12\/ipn.jpg\"},{\"@type\":\"WebPage\",\"@id\":\"https:\/\/www.mursporteurs.fr\/?page_id=41#webpage\",\"url\":\"https:\/\/www.mursporteurs.fr\/?page_id=41\",\"name\":\"Les diff\\u00e9rents type de poutres - Murs Porteurs\",\"isPartOf\":{\"@id\":\"https:\/\/www.mursporteurs.fr\/#website\"},\"primaryImageOfPage\":{\"@id\":\"https:\/\/www.mursporteurs.fr\/?page_id=41#primaryimage\"},\"datePublished\":\"2010-12-03T16:52:43+00:00\",\"dateModified\":\"2010-12-06T09:22:03+00:00\",\"breadcrumb\":{\"@id\":\"https:\/\/www.mursporteurs.fr\/?page_id=41#breadcrumb\"},\"inLanguage\":\"fr-FR\",\"potentialAction\":[{\"@type\":\"ReadAction\",\"target\":[\"https:\/\/www.mursporteurs.fr\/?page_id=41\"]}]},{\"@type\":\"BreadcrumbList\",\"@id\":\"https:\/\/www.mursporteurs.fr\/?page_id=41#breadcrumb\",\"itemListElement\":[{\"@type\":\"ListItem\",\"position\":1,\"name\":\"Accueil\",\"item\":\"https:\/\/www.mursporteurs.fr\/\"},{\"@type\":\"ListItem\",\"position\":2,\"name\":\"Les diff\\u00e9rents type de poutres\"}]}]}<\/script>\n<!-- \/ Yoast SEO plugin. -->","yoast_head_json":{"robots":{"index":"index","follow":"follow","max-snippet":"max-snippet:-1","max-image-preview":"max-image-preview:large","max-video-preview":"max-video-preview:-1"},"canonical":"https:\/\/www.mursporteurs.fr\/?page_id=41","og_locale":"fr_FR","og_type":"article","og_title":"Les diff\u00e9rents type de poutres - Murs Porteurs","og_description":"Les poutrelles les plus utilis\u00e9es dans la d\u00e9molition de murs porteurs sont les poutrelles en I, en H et en U. Ces poutrelles ont chacune des caract\u00e9ristiques de r\u00e9sistance et de flexion qui leur est propre. Le choix parmi ces &hellip; Continuer la lecture &rarr;","og_url":"https:\/\/www.mursporteurs.fr\/?page_id=41","og_site_name":"Murs Porteurs","article_modified_time":"2010-12-06T09:22:03+00:00","og_image":[{"url":"http:\/\/www.mursporteurs.fr\/wp-content\/uploads\/2010\/12\/ipn.jpg"}],"twitter_card":"summary_large_image","twitter_misc":{"Dur\u00e9e de lecture est.":"1 minute"},"schema":{"@context":"https:\/\/schema.org","@graph":[{"@type":"WebSite","@id":"https:\/\/www.mursporteurs.fr\/#website","url":"https:\/\/www.mursporteurs.fr\/","name":"Murs Porteurs","description":"Entreprise sp\u00e9cialis\u00e9e dans l&#039;ouverture de murs porteurs, les extensions et les sur\u00e9l\u00e9vations de maisons sur Paris et r\u00e9gion parisienne.","potentialAction":[{"@type":"SearchAction","target":{"@type":"EntryPoint","urlTemplate":"https:\/\/www.mursporteurs.fr\/?s={search_term_string}"},"query-input":"required name=search_term_string"}],"inLanguage":"fr-FR"},{"@type":"ImageObject","@id":"https:\/\/www.mursporteurs.fr\/?page_id=41#primaryimage","inLanguage":"fr-FR","url":"http:\/\/www.mursporteurs.fr\/wp-content\/uploads\/2010\/12\/ipn.jpg","contentUrl":"http:\/\/www.mursporteurs.fr\/wp-content\/uploads\/2010\/12\/ipn.jpg"},{"@type":"WebPage","@id":"https:\/\/www.mursporteurs.fr\/?page_id=41#webpage","url":"https:\/\/www.mursporteurs.fr\/?page_id=41","name":"Les diff\u00e9rents type de poutres - Murs Porteurs","isPartOf":{"@id":"https:\/\/www.mursporteurs.fr\/#website"},"primaryImageOfPage":{"@id":"https:\/\/www.mursporteurs.fr\/?page_id=41#primaryimage"},"datePublished":"2010-12-03T16:52:43+00:00","dateModified":"2010-12-06T09:22:03+00:00","breadcrumb":{"@id":"https:\/\/www.mursporteurs.fr\/?page_id=41#breadcrumb"},"inLanguage":"fr-FR","potentialAction":[{"@type":"ReadAction","target":["https:\/\/www.mursporteurs.fr\/?page_id=41"]}]},{"@type":"BreadcrumbList","@id":"https:\/\/www.mursporteurs.fr\/?page_id=41#breadcrumb","itemListElement":[{"@type":"ListItem","position":1,"name":"Accueil","item":"https:\/\/www.mursporteurs.fr\/"},{"@type":"ListItem","position":2,"name":"Les diff\u00e9rents type de poutres"}]}]}},"_links":{"self":[{"href":"https:\/\/www.mursporteurs.fr\/index.php?rest_route=\/wp\/v2\/pages\/41"}],"collection":[{"href":"https:\/\/www.mursporteurs.fr\/index.php?rest_route=\/wp\/v2\/pages"}],"about":[{"href":"https:\/\/www.mursporteurs.fr\/index.php?rest_route=\/wp\/v2\/types\/page"}],"author":[{"embeddable":true,"href":"https:\/\/www.mursporteurs.fr\/index.php?rest_route=\/wp\/v2\/users\/1"}],"replies":[{"embeddable":true,"href":"https:\/\/www.mursporteurs.fr\/index.php?rest_route=%2Fwp%2Fv2%2Fcomments&post=41"}],"version-history":[{"count":7,"href":"https:\/\/www.mursporteurs.fr\/index.php?rest_route=\/wp\/v2\/pages\/41\/revisions"}],"predecessor-version":[{"id":90,"href":"https:\/\/www.mursporteurs.fr\/index.php?rest_route=\/wp\/v2\/pages\/41\/revisions\/90"}],"wp:attachment":[{"href":"https:\/\/www.mursporteurs.fr\/index.php?rest_route=%2Fwp%2Fv2%2Fmedia&parent=41"}],"curies":[{"name":"wp","href":"https:\/\/api.w.org\/{rel}","templated":true}]}}