{"id":4,"date":"2010-12-03T15:31:54","date_gmt":"2010-12-03T14:31:54","guid":{"rendered":"http:\/\/www.adora-renovation.fr\/murs\/?page_id=4"},"modified":"2021-10-18T09:36:56","modified_gmt":"2021-10-18T08:36:56","slug":"page-daccueil","status":"publish","type":"page","link":"https:\/\/www.mursporteurs.fr\/","title":{"rendered":"Le Mur Porteur"},"content":{"rendered":"<p>ADORA R\u00e9novation est une soci\u00e9t\u00e9 tout corps d&rsquo;\u00e9tat (TCE) dont l&rsquo;une des sp\u00e9cialit\u00e9s est la <a href=\"http:\/\/www.mursporteurs.fr\/les-differentes-techniques-ouverture-mur-porteur\/\">cr\u00e9ation d&rsquo;ouverture dans des murs porteurs<\/a> ou semi-porteurs.<\/p>\n<p>Face au grand nombre de questions que nous posent r\u00e9guli\u00e8rement  nos clients et de par le flou qui r\u00e8gne autour des murs porteurs, \u00e0 savoir :<\/p>\n<ul>\n<li>peut-on casser un <strong>mur porteur<\/strong> ?<\/li>\n<li>faut-il des autorisations ?<\/li>\n<li>des assurances ?<\/li>\n<li>peut on faire les travaux seul ? (construire, ouvrir, percer, abattre un mur porteur)<\/li>\n<li>combien co\u00fbte la d\u00e9molition d&rsquo;un <strong>mur porteur <\/strong>?<\/li>\n<\/ul>\n<p>Il nous a sembl\u00e9 opportun de clarifier ce sujet et d&rsquo;apporter les \u00e9l\u00e9ments de r\u00e9ponse n\u00e9cessaires \u00e0 la r\u00e9alisation de vos projets.<\/p>\n<p><img loading=\"lazy\" class=\"alignleft size-full wp-image-194\" title=\"mur porteur\" src=\"http:\/\/www.mursporteurs.fr\/wp-content\/uploads\/2010\/12\/white.gif\" alt=\"\" width=\"100\" height=\"71\"><\/p>\n<p style=\"text-align: center;\"><img loading=\"lazy\" class=\"size-medium wp-image-188 aligncenter\" title=\"ouverture-mur-porteur\" src=\"http:\/\/www.mursporteurs.fr\/wp-content\/uploads\/2010\/12\/ouverture-mur-porteur-401x300.jpg\" alt=\"\" width=\"401\" height=\"300\" srcset=\"https:\/\/www.mursporteurs.fr\/wp-content\/uploads\/2010\/12\/ouverture-mur-porteur-401x300.jpg 401w, https:\/\/www.mursporteurs.fr\/wp-content\/uploads\/2010\/12\/ouverture-mur-porteur.jpg 452w\" sizes=\"(max-width: 401px) 100vw, 401px\" \/><\/p>\n","protected":false},"excerpt":{"rendered":"<p>ADORA R\u00e9novation est une soci\u00e9t\u00e9 tout corps d&rsquo;\u00e9tat (TCE) dont l&rsquo;une des sp\u00e9cialit\u00e9s est la cr\u00e9ation d&rsquo;ouverture dans des murs porteurs ou semi-porteurs. Face au grand nombre de questions que nous posent r\u00e9guli\u00e8rement nos clients et de par le flou &hellip; <a href=\"https:\/\/www.mursporteurs.fr\/\">Continuer la lecture <span class=\"meta-nav\">&rarr;<\/span><\/a><\/p>\n","protected":false},"author":1,"featured_media":0,"parent":0,"menu_order":0,"comment_status":"open","ping_status":"open","template":"","meta":[],"yoast_head":"<!-- This site is optimized with the Yoast SEO plugin v17.4 - https:\/\/yoast.com\/wordpress\/plugins\/seo\/ -->\n<meta name=\"description\" content=\"Sp\u00e9cialiste du gros-\u0153uvre sur Paris et r\u00e9gion parisienne : ouverture de murs porteurs, cr\u00e9ation de tr\u00e9mies, extension et sur\u00e9l\u00e9vation de b\u00e2timents. Murs Porteurs Entreprise sp\u00e9cialis\u00e9e dans l&#039;ouverture de murs porteurs, les extensions et les sur\u00e9l\u00e9vations de maisons sur Paris et r\u00e9gion parisienne.\" \/>\n<meta name=\"robots\" content=\"index, follow, max-snippet:-1, max-image-preview:large, max-video-preview:-1\" \/>\n<link rel=\"canonical\" href=\"https:\/\/www.mursporteurs.fr\/\" \/>\n<meta property=\"og:locale\" content=\"fr_FR\" \/>\n<meta property=\"og:type\" content=\"article\" \/>\n<meta property=\"og:title\" content=\"Le Mur Porteur Murs Porteurs- Murs Porteurs\" \/>\n<meta property=\"og:description\" content=\"Sp\u00e9cialiste du gros-\u0153uvre sur Paris et r\u00e9gion parisienne : ouverture de murs porteurs, cr\u00e9ation de tr\u00e9mies, extension et sur\u00e9l\u00e9vation de b\u00e2timents. Murs Porteurs Entreprise sp\u00e9cialis\u00e9e dans l&#039;ouverture de murs porteurs, les extensions et les sur\u00e9l\u00e9vations de maisons sur Paris et r\u00e9gion parisienne.\" \/>\n<meta property=\"og:url\" content=\"https:\/\/www.mursporteurs.fr\/\" \/>\n<meta property=\"og:site_name\" content=\"Murs Porteurs\" \/>\n<meta property=\"article:modified_time\" content=\"2021-10-18T08:36:56+00:00\" \/>\n<meta property=\"og:image\" content=\"http:\/\/www.mursporteurs.fr\/wp-content\/uploads\/2010\/12\/white.gif\" \/>\n<meta name=\"twitter:card\" content=\"summary_large_image\" \/>\n<meta name=\"twitter:label1\" content=\"Dur\u00e9e de lecture est.\" \/>\n\t<meta name=\"twitter:data1\" content=\"1 minute\" \/>\n<script type=\"application\/ld+json\" class=\"yoast-schema-graph\">{\"@context\":\"https:\/\/schema.org\",\"@graph\":[{\"@type\":\"WebSite\",\"@id\":\"https:\/\/www.mursporteurs.fr\/#website\",\"url\":\"https:\/\/www.mursporteurs.fr\/\",\"name\":\"Murs Porteurs\",\"description\":\"Entreprise sp\\u00e9cialis\\u00e9e dans l&#039;ouverture de murs porteurs, les extensions et les sur\\u00e9l\\u00e9vations de maisons sur Paris et r\\u00e9gion parisienne.\",\"potentialAction\":[{\"@type\":\"SearchAction\",\"target\":{\"@type\":\"EntryPoint\",\"urlTemplate\":\"https:\/\/www.mursporteurs.fr\/?s={search_term_string}\"},\"query-input\":\"required name=search_term_string\"}],\"inLanguage\":\"fr-FR\"},{\"@type\":\"ImageObject\",\"@id\":\"https:\/\/www.mursporteurs.fr\/#primaryimage\",\"inLanguage\":\"fr-FR\",\"url\":\"http:\/\/www.mursporteurs.fr\/wp-content\/uploads\/2010\/12\/white.gif\",\"contentUrl\":\"http:\/\/www.mursporteurs.fr\/wp-content\/uploads\/2010\/12\/white.gif\"},{\"@type\":\"WebPage\",\"@id\":\"https:\/\/www.mursporteurs.fr\/#webpage\",\"url\":\"https:\/\/www.mursporteurs.fr\/\",\"name\":\"Le Mur Porteur Murs Porteurs- Murs Porteurs\",\"isPartOf\":{\"@id\":\"https:\/\/www.mursporteurs.fr\/#website\"},\"primaryImageOfPage\":{\"@id\":\"https:\/\/www.mursporteurs.fr\/#primaryimage\"},\"datePublished\":\"2010-12-03T14:31:54+00:00\",\"dateModified\":\"2021-10-18T08:36:56+00:00\",\"description\":\"Sp\\u00e9cialiste du gros-\\u0153uvre sur Paris et r\\u00e9gion parisienne : ouverture de murs porteurs, cr\\u00e9ation de tr\\u00e9mies, extension et sur\\u00e9l\\u00e9vation de b\\u00e2timents. Murs Porteurs Entreprise sp\\u00e9cialis\\u00e9e dans l&#039;ouverture de murs porteurs, les extensions et les sur\\u00e9l\\u00e9vations de maisons sur Paris et r\\u00e9gion parisienne.\",\"breadcrumb\":{\"@id\":\"https:\/\/www.mursporteurs.fr\/#breadcrumb\"},\"inLanguage\":\"fr-FR\",\"potentialAction\":[{\"@type\":\"ReadAction\",\"target\":[\"https:\/\/www.mursporteurs.fr\/\"]}]},{\"@type\":\"BreadcrumbList\",\"@id\":\"https:\/\/www.mursporteurs.fr\/#breadcrumb\",\"itemListElement\":[{\"@type\":\"ListItem\",\"position\":1,\"name\":\"Accueil\",\"item\":\"https:\/\/www.mursporteurs.fr\/\"},{\"@type\":\"ListItem\",\"position\":2,\"name\":\"Le Mur Porteur\"}]}]}<\/script>\n<!-- \/ Yoast SEO plugin. -->","yoast_head_json":{"description":"Sp\u00e9cialiste du gros-\u0153uvre sur Paris et r\u00e9gion parisienne : ouverture de murs porteurs, cr\u00e9ation de tr\u00e9mies, extension et sur\u00e9l\u00e9vation de b\u00e2timents. Murs Porteurs Entreprise sp\u00e9cialis\u00e9e dans l&#039;ouverture de murs porteurs, les extensions et les sur\u00e9l\u00e9vations de maisons sur Paris et r\u00e9gion parisienne.","robots":{"index":"index","follow":"follow","max-snippet":"max-snippet:-1","max-image-preview":"max-image-preview:large","max-video-preview":"max-video-preview:-1"},"canonical":"https:\/\/www.mursporteurs.fr\/","og_locale":"fr_FR","og_type":"article","og_title":"Le Mur Porteur Murs Porteurs- Murs Porteurs","og_description":"Sp\u00e9cialiste du gros-\u0153uvre sur Paris et r\u00e9gion parisienne : ouverture de murs porteurs, cr\u00e9ation de tr\u00e9mies, extension et sur\u00e9l\u00e9vation de b\u00e2timents. Murs Porteurs Entreprise sp\u00e9cialis\u00e9e dans l&#039;ouverture de murs porteurs, les extensions et les sur\u00e9l\u00e9vations de maisons sur Paris et r\u00e9gion parisienne.","og_url":"https:\/\/www.mursporteurs.fr\/","og_site_name":"Murs Porteurs","article_modified_time":"2021-10-18T08:36:56+00:00","og_image":[{"url":"http:\/\/www.mursporteurs.fr\/wp-content\/uploads\/2010\/12\/white.gif"}],"twitter_card":"summary_large_image","twitter_misc":{"Dur\u00e9e de lecture est.":"1 minute"},"schema":{"@context":"https:\/\/schema.org","@graph":[{"@type":"WebSite","@id":"https:\/\/www.mursporteurs.fr\/#website","url":"https:\/\/www.mursporteurs.fr\/","name":"Murs Porteurs","description":"Entreprise sp\u00e9cialis\u00e9e dans l&#039;ouverture de murs porteurs, les extensions et les sur\u00e9l\u00e9vations de maisons sur Paris et r\u00e9gion parisienne.","potentialAction":[{"@type":"SearchAction","target":{"@type":"EntryPoint","urlTemplate":"https:\/\/www.mursporteurs.fr\/?s={search_term_string}"},"query-input":"required name=search_term_string"}],"inLanguage":"fr-FR"},{"@type":"ImageObject","@id":"https:\/\/www.mursporteurs.fr\/#primaryimage","inLanguage":"fr-FR","url":"http:\/\/www.mursporteurs.fr\/wp-content\/uploads\/2010\/12\/white.gif","contentUrl":"http:\/\/www.mursporteurs.fr\/wp-content\/uploads\/2010\/12\/white.gif"},{"@type":"WebPage","@id":"https:\/\/www.mursporteurs.fr\/#webpage","url":"https:\/\/www.mursporteurs.fr\/","name":"Le Mur Porteur Murs Porteurs- Murs Porteurs","isPartOf":{"@id":"https:\/\/www.mursporteurs.fr\/#website"},"primaryImageOfPage":{"@id":"https:\/\/www.mursporteurs.fr\/#primaryimage"},"datePublished":"2010-12-03T14:31:54+00:00","dateModified":"2021-10-18T08:36:56+00:00","description":"Sp\u00e9cialiste du gros-\u0153uvre sur Paris et r\u00e9gion parisienne : ouverture de murs porteurs, cr\u00e9ation de tr\u00e9mies, extension et sur\u00e9l\u00e9vation de b\u00e2timents. Murs Porteurs Entreprise sp\u00e9cialis\u00e9e dans l&#039;ouverture de murs porteurs, les extensions et les sur\u00e9l\u00e9vations de maisons sur Paris et r\u00e9gion parisienne.","breadcrumb":{"@id":"https:\/\/www.mursporteurs.fr\/#breadcrumb"},"inLanguage":"fr-FR","potentialAction":[{"@type":"ReadAction","target":["https:\/\/www.mursporteurs.fr\/"]}]},{"@type":"BreadcrumbList","@id":"https:\/\/www.mursporteurs.fr\/#breadcrumb","itemListElement":[{"@type":"ListItem","position":1,"name":"Accueil","item":"https:\/\/www.mursporteurs.fr\/"},{"@type":"ListItem","position":2,"name":"Le Mur Porteur"}]}]}},"_links":{"self":[{"href":"https:\/\/www.mursporteurs.fr\/index.php?rest_route=\/wp\/v2\/pages\/4"}],"collection":[{"href":"https:\/\/www.mursporteurs.fr\/index.php?rest_route=\/wp\/v2\/pages"}],"about":[{"href":"https:\/\/www.mursporteurs.fr\/index.php?rest_route=\/wp\/v2\/types\/page"}],"author":[{"embeddable":true,"href":"https:\/\/www.mursporteurs.fr\/index.php?rest_route=\/wp\/v2\/users\/1"}],"replies":[{"embeddable":true,"href":"https:\/\/www.mursporteurs.fr\/index.php?rest_route=%2Fwp%2Fv2%2Fcomments&post=4"}],"version-history":[{"count":19,"href":"https:\/\/www.mursporteurs.fr\/index.php?rest_route=\/wp\/v2\/pages\/4\/revisions"}],"predecessor-version":[{"id":1475,"href":"https:\/\/www.mursporteurs.fr\/index.php?rest_route=\/wp\/v2\/pages\/4\/revisions\/1475"}],"wp:attachment":[{"href":"https:\/\/www.mursporteurs.fr\/index.php?rest_route=%2Fwp%2Fv2%2Fmedia&parent=4"}],"curies":[{"name":"wp","href":"https:\/\/api.w.org\/{rel}","templated":true}]}}