{"id":38,"date":"2010-12-03T17:49:31","date_gmt":"2010-12-03T16:49:31","guid":{"rendered":"http:\/\/www.mursporteurs.fr\/"},"modified":"2010-12-08T09:22:13","modified_gmt":"2010-12-08T08:22:13","slug":"faq-mur-porteur","status":"publish","type":"page","link":"https:\/\/www.mursporteurs.fr\/?page_id=38","title":{"rendered":"FAQ"},"content":{"rendered":"<p>Pourquoi la <a href=\"http:\/\/www.mursporteurs.fr\/definition-mur-porteur\/\">d\u00e9molition d&rsquo;un mur porteur<\/a> co\u00fbte plus cher que la d\u00e9molition d&rsquo;une cloison ?<\/p>\n<p>Pour plusieurs raisons :<\/p>\n<h3>1\/ Les ressources : C&rsquo;est une affaire de sp\u00e9cialistes !<\/h3>\n<p>En effet, la <em>d\u00e9molition de mur porteur<\/em> est r\u00e9alis\u00e9e par des compagnons, ma\u00e7ons de m\u00e9tier exp\u00e9riment\u00e9s sur ce type de techniques liant le b\u00e9ton et les structures aciers alors que la d\u00e9molition de cloison peut \u00eatre r\u00e9alis\u00e9e par des man\u0153uvres, stagiaires, du personnel peu, voir non exp\u00e9riment\u00e9.<\/p>\n<h3>2\/ La gestion du risque :<\/h3>\n<p>Le risque de la <em>d\u00e9molition de mur porteur<\/em> est \u00e9norme puisque l&rsquo;on touche \u00e0 la structure de l&rsquo;immeuble ou de la maison individuelle. En cas de malfa\u00e7on, les cons\u00e9quences financi\u00e8res peuvent ce chiffrer \u00e0 plusieurs centaines de milliers d&rsquo;euros.<br \/>\nCe risque est donc couvert par une assurance d\u00e9cennale qui co\u00fbte tr\u00e8s cher.<\/p>\n<h3>3\/ Le d\u00e9lais d&rsquo;intervention :<\/h3>\n<p>Dans le cas d&rsquo;une cloison d&rsquo;environ 3 m\u00e8tres de long sur 2,5 m\u00e8tres de haut d\u00e9molie \u00e0 la masse, le d\u00e9lais d&rsquo;intervention est d&rsquo;environ 1 heure (hors mise en sac des gravats, enl\u00e8vement des gravats et acheminement en d\u00e9charge).<br \/>\nDans le cas d&rsquo;un <a href=\"http:\/\/www.mursporteurs.fr\/nos-realisations-mur-porteur\/\">mur porteur<\/a> de m\u00eame taille, l&rsquo;intervention peut prendre, en fonction de la technique  utilis\u00e9e de 2 jours effectu\u00e9s en 2 fois (2 aller\/retour) \u00e0 5 jours effectu\u00e9s en 3 fois (3 aller \/retour)<\/p>\n<h3>4\/ Les frais annexes obligatoires :<\/h3>\n<p>Intervention d&rsquo;un huissier pour la r\u00e9alisation de l&rsquo;Etat des lieux contradictoire avec les voisins (dans le cas de la co-propri\u00e9t\u00e9 ou de maison individuelle mitoyenne)<br \/>\nIntervention d&rsquo;un bureau d&rsquo;\u00e9tude technique sp\u00e9cialis\u00e9 dans les structures.<\/p>\n<h2>Vos questions &#8211; Nos r\u00e9ponses :<\/h2>\n<ul>\n<li><a href=\"http:\/\/www.mursporteurs.fr\/comment-casser-un-mur-porteur\/\">Comment casser un mur porteur<\/a> ?<\/li>\n<li><a href=\"http:\/\/www.mursporteurs.fr\/comment-percer-un-mur-porteur\/\">Comment percer un mur porteur<\/a> ?<\/li>\n<li><a href=\"http:\/\/www.mursporteurs.fr\/comment-construire-un-mur-porteur\/\">Comment construire un mur porteur<\/a> ?<\/li>\n<li><a href=\"http:\/\/www.mursporteurs.fr\/comment-determiner-si-un-mur-porteur-est-porteur-ou-non\/\">Comment d\u00e9terminer si un mur porteur est porteur ou non<\/a> ?<\/li>\n<\/ul>\n","protected":false},"excerpt":{"rendered":"<p>Pourquoi la d\u00e9molition d&rsquo;un mur porteur co\u00fbte plus cher que la d\u00e9molition d&rsquo;une cloison ? Pour plusieurs raisons : 1\/ Les ressources : C&rsquo;est une affaire de sp\u00e9cialistes ! En effet, la d\u00e9molition de mur porteur est r\u00e9alis\u00e9e par des &hellip; <a href=\"https:\/\/www.mursporteurs.fr\/?page_id=38\">Continuer la lecture <span class=\"meta-nav\">&rarr;<\/span><\/a><\/p>\n","protected":false},"author":1,"featured_media":0,"parent":0,"menu_order":90,"comment_status":"open","ping_status":"open","template":"","meta":[],"yoast_head":"<!-- This site is optimized with the Yoast SEO plugin v17.4 - https:\/\/yoast.com\/wordpress\/plugins\/seo\/ -->\n<meta name=\"robots\" content=\"index, follow, max-snippet:-1, max-image-preview:large, max-video-preview:-1\" \/>\n<link rel=\"canonical\" href=\"https:\/\/www.mursporteurs.fr\/?page_id=38\" \/>\n<meta property=\"og:locale\" content=\"fr_FR\" \/>\n<meta property=\"og:type\" content=\"article\" \/>\n<meta property=\"og:title\" content=\"FAQ - Murs Porteurs\" \/>\n<meta property=\"og:description\" content=\"Pourquoi la d\u00e9molition d&rsquo;un mur porteur co\u00fbte plus cher que la d\u00e9molition d&rsquo;une cloison ? Pour plusieurs raisons : 1\/ Les ressources : C&rsquo;est une affaire de sp\u00e9cialistes ! En effet, la d\u00e9molition de mur porteur est r\u00e9alis\u00e9e par des &hellip; Continuer la lecture &rarr;\" \/>\n<meta property=\"og:url\" content=\"https:\/\/www.mursporteurs.fr\/?page_id=38\" \/>\n<meta property=\"og:site_name\" content=\"Murs Porteurs\" \/>\n<meta property=\"article:modified_time\" content=\"2010-12-08T08:22:13+00:00\" \/>\n<meta name=\"twitter:card\" content=\"summary_large_image\" \/>\n<meta name=\"twitter:label1\" content=\"Dur\u00e9e de lecture est.\" \/>\n\t<meta name=\"twitter:data1\" content=\"2 minutes\" \/>\n<script type=\"application\/ld+json\" class=\"yoast-schema-graph\">{\"@context\":\"https:\/\/schema.org\",\"@graph\":[{\"@type\":\"WebSite\",\"@id\":\"https:\/\/www.mursporteurs.fr\/#website\",\"url\":\"https:\/\/www.mursporteurs.fr\/\",\"name\":\"Murs Porteurs\",\"description\":\"Entreprise sp\\u00e9cialis\\u00e9e dans l&#039;ouverture de murs porteurs, les extensions et les sur\\u00e9l\\u00e9vations de maisons sur Paris et r\\u00e9gion parisienne.\",\"potentialAction\":[{\"@type\":\"SearchAction\",\"target\":{\"@type\":\"EntryPoint\",\"urlTemplate\":\"https:\/\/www.mursporteurs.fr\/?s={search_term_string}\"},\"query-input\":\"required name=search_term_string\"}],\"inLanguage\":\"fr-FR\"},{\"@type\":\"WebPage\",\"@id\":\"https:\/\/www.mursporteurs.fr\/?page_id=38#webpage\",\"url\":\"https:\/\/www.mursporteurs.fr\/?page_id=38\",\"name\":\"FAQ - Murs Porteurs\",\"isPartOf\":{\"@id\":\"https:\/\/www.mursporteurs.fr\/#website\"},\"datePublished\":\"2010-12-03T16:49:31+00:00\",\"dateModified\":\"2010-12-08T08:22:13+00:00\",\"breadcrumb\":{\"@id\":\"https:\/\/www.mursporteurs.fr\/?page_id=38#breadcrumb\"},\"inLanguage\":\"fr-FR\",\"potentialAction\":[{\"@type\":\"ReadAction\",\"target\":[\"https:\/\/www.mursporteurs.fr\/?page_id=38\"]}]},{\"@type\":\"BreadcrumbList\",\"@id\":\"https:\/\/www.mursporteurs.fr\/?page_id=38#breadcrumb\",\"itemListElement\":[{\"@type\":\"ListItem\",\"position\":1,\"name\":\"Accueil\",\"item\":\"https:\/\/www.mursporteurs.fr\/\"},{\"@type\":\"ListItem\",\"position\":2,\"name\":\"FAQ\"}]}]}<\/script>\n<!-- \/ Yoast SEO plugin. -->","yoast_head_json":{"robots":{"index":"index","follow":"follow","max-snippet":"max-snippet:-1","max-image-preview":"max-image-preview:large","max-video-preview":"max-video-preview:-1"},"canonical":"https:\/\/www.mursporteurs.fr\/?page_id=38","og_locale":"fr_FR","og_type":"article","og_title":"FAQ - Murs Porteurs","og_description":"Pourquoi la d\u00e9molition d&rsquo;un mur porteur co\u00fbte plus cher que la d\u00e9molition d&rsquo;une cloison ? Pour plusieurs raisons : 1\/ Les ressources : C&rsquo;est une affaire de sp\u00e9cialistes ! En effet, la d\u00e9molition de mur porteur est r\u00e9alis\u00e9e par des &hellip; Continuer la lecture &rarr;","og_url":"https:\/\/www.mursporteurs.fr\/?page_id=38","og_site_name":"Murs Porteurs","article_modified_time":"2010-12-08T08:22:13+00:00","twitter_card":"summary_large_image","twitter_misc":{"Dur\u00e9e de lecture est.":"2 minutes"},"schema":{"@context":"https:\/\/schema.org","@graph":[{"@type":"WebSite","@id":"https:\/\/www.mursporteurs.fr\/#website","url":"https:\/\/www.mursporteurs.fr\/","name":"Murs Porteurs","description":"Entreprise sp\u00e9cialis\u00e9e dans l&#039;ouverture de murs porteurs, les extensions et les sur\u00e9l\u00e9vations de maisons sur Paris et r\u00e9gion parisienne.","potentialAction":[{"@type":"SearchAction","target":{"@type":"EntryPoint","urlTemplate":"https:\/\/www.mursporteurs.fr\/?s={search_term_string}"},"query-input":"required name=search_term_string"}],"inLanguage":"fr-FR"},{"@type":"WebPage","@id":"https:\/\/www.mursporteurs.fr\/?page_id=38#webpage","url":"https:\/\/www.mursporteurs.fr\/?page_id=38","name":"FAQ - Murs Porteurs","isPartOf":{"@id":"https:\/\/www.mursporteurs.fr\/#website"},"datePublished":"2010-12-03T16:49:31+00:00","dateModified":"2010-12-08T08:22:13+00:00","breadcrumb":{"@id":"https:\/\/www.mursporteurs.fr\/?page_id=38#breadcrumb"},"inLanguage":"fr-FR","potentialAction":[{"@type":"ReadAction","target":["https:\/\/www.mursporteurs.fr\/?page_id=38"]}]},{"@type":"BreadcrumbList","@id":"https:\/\/www.mursporteurs.fr\/?page_id=38#breadcrumb","itemListElement":[{"@type":"ListItem","position":1,"name":"Accueil","item":"https:\/\/www.mursporteurs.fr\/"},{"@type":"ListItem","position":2,"name":"FAQ"}]}]}},"_links":{"self":[{"href":"https:\/\/www.mursporteurs.fr\/index.php?rest_route=\/wp\/v2\/pages\/38"}],"collection":[{"href":"https:\/\/www.mursporteurs.fr\/index.php?rest_route=\/wp\/v2\/pages"}],"about":[{"href":"https:\/\/www.mursporteurs.fr\/index.php?rest_route=\/wp\/v2\/types\/page"}],"author":[{"embeddable":true,"href":"https:\/\/www.mursporteurs.fr\/index.php?rest_route=\/wp\/v2\/users\/1"}],"replies":[{"embeddable":true,"href":"https:\/\/www.mursporteurs.fr\/index.php?rest_route=%2Fwp%2Fv2%2Fcomments&post=38"}],"version-history":[{"count":8,"href":"https:\/\/www.mursporteurs.fr\/index.php?rest_route=\/wp\/v2\/pages\/38\/revisions"}],"predecessor-version":[{"id":129,"href":"https:\/\/www.mursporteurs.fr\/index.php?rest_route=\/wp\/v2\/pages\/38\/revisions\/129"}],"wp:attachment":[{"href":"https:\/\/www.mursporteurs.fr\/index.php?rest_route=%2Fwp%2Fv2%2Fmedia&parent=38"}],"curies":[{"name":"wp","href":"https:\/\/api.w.org\/{rel}","templated":true}]}}