{"id":17,"date":"2010-12-03T17:13:42","date_gmt":"2010-12-03T16:13:42","guid":{"rendered":"http:\/\/www.mursporteurs.fr\/"},"modified":"2011-01-04T15:04:04","modified_gmt":"2011-01-04T14:04:04","slug":"les-differentes-techniques-ouverture-mur-porteur","status":"publish","type":"page","link":"https:\/\/www.mursporteurs.fr\/?page_id=17","title":{"rendered":"Les diff\u00e9rentes techniques d&rsquo;ouverture mur porteur"},"content":{"rendered":"<p>Seul le B.E.T. est habilit\u00e9 \u00e0 d\u00e9terminer la technique d&rsquo;ouverture d&rsquo;un <a href=\"http:\/\/www.mursporteurs.fr\/demarche-reglementaire-pour-la-co-propriete\/\">mur porteur<\/a> d&rsquo;o\u00f9 l&rsquo;importance de l&rsquo;\u00e9tude  pr\u00e9alable de structure<\/p>\n<h3>1\/ Poutrelle sur sommiers<\/h3>\n<p>Il s&rsquo;agit de la technique la plus simple et la plus utilis\u00e9e pour la cr\u00e9ation de simple passage ou pour la mise en place d&rsquo;une porte.<br \/>\nDans ce cas de figure, les ouvertures dans le <em>mur porteur<\/em> font entre 80 et 100cm de large.<br \/>\nCette technique est utilis\u00e9e lorsque la charge est faible comme c&rsquo;est le cas plus l&rsquo;\u00e9tage est \u00e9lev\u00e9.<br \/>\nDans ce cas l&rsquo;\u00e9taiement peut se faire entre le sol et le plafond en prenant bien soin de r\u00e9partir la charge des \u00e9tais sur des poutrelles m\u00e9talliques<br \/>\n<span style=\"text-decoration: underline;\">D\u00e9lais d&rsquo;intervention<\/span> : 2 jours ouvr\u00e9s espac\u00e9s de 10 jours (selon s\u00e9chage \u00e0 c\u0153ur du mortier r\u00e9sine sans retrait utilis\u00e9).<\/p>\n<h3>2\/ Le Portique<\/h3>\n<p>Cette technique est tr\u00e8s fr\u00e9quemment utilis\u00e9e pour des ouvertures dans <em>mur porteur<\/em> un peu plus larges (jusqu&rsquo;\u00e0 250cm environ).<br \/>\nLe principe du portique consiste \u00e0 cr\u00e9er un jambage (2 poutrelles verticales) et d&rsquo;y fixer (boulonner et souder) une poutrelle horizontale au dessus.<br \/>\nChaque poutrelle verticale doit \u00eatre fix\u00e9e sur des semelles au niveau du sol (fondations) sur lesquelles se reposera la charge.<br \/>\n<span style=\"text-decoration: underline;\">D\u00e9lais d&rsquo;intervention<\/span> : 3 \u00e0 5 jours ouvr\u00e9s espac\u00e9s de 10jours (selon s\u00e9chage \u00e0 c\u0153ur du mortier r\u00e9sine sans retrait utilis\u00e9)<br \/>\nPour des charges plus importantes, la cr\u00e9ation d&rsquo;une longrine (poutre b\u00e9tonn\u00e9e de r\u00e9partition de charges) entre les nouveaux massifs de fondation peut \u00eatre pr\u00e9conis\u00e9e par le B.E.T.<br \/>\nDans le cas du portique, le soulagement de la charge peut s&rsquo;effectuer par un simple \u00e9taiement (voir \u00a7B1 \u00ab\u00a0poutrelles sur sommier\u00a0\u00bb) ou par la m\u00e9thode du chevalement<\/p>\n<p><img loading=\"lazy\" title=\"Ouverture Mur  Porteur Portique 6\" src=\"http:\/\/www.mursporteurs.fr\/wp-content\/uploads\/2010\/12\/Ouverture-Mur-Porteur-Portique-6-400x300.jpg\" alt=\"\" width=\"400\" height=\"300\" \/><\/p>\n<h3>3\/ Les 2 demi-poutres<\/h3>\n<p>Cette m\u00e9thode s&rsquo;adresse au mur porteur d&rsquo;\u00e9paisseur importante (&gt;30cm). Elle consiste en l&rsquo;union de 2 poutrelles horizontales le plus souvent pos\u00e9es sur un jambage (portique).<br \/>\nCette technique est r\u00e9alis\u00e9e en 3 \u00e9tapes pour y incorporer les 2 demi-poutres :<br \/>\nLa premi\u00e8re \u00e9tape consiste \u00e0 faire les saign\u00e9es verticales afin d&rsquo;y ins\u00e9rer les poteaux du jambage fix\u00e9s sur 2 semelles.<br \/>\nLa seconde \u00e9tape consiste \u00e0 r\u00e9aliser une saign\u00e9e horizontale (engravure) d&rsquo;environ la moiti\u00e9 de l&rsquo;\u00e9paisseur du mur porteur.<br \/>\nEnfin la derni\u00e8re \u00e9tape est similaire \u00e0 la seconde mais de l&rsquo;autre cot\u00e9 du mur.<\/p>\n<p><img loading=\"lazy\" class=\"aligncenter size-medium wp-image-205\" title=\"Sch\u00e9ma Ouverture Mur Porteur technique 2 demi poutrelles coupe\" src=\"http:\/\/www.mursporteurs.fr\/wp-content\/uploads\/2010\/12\/Sch\u00e9ma-Ouverture-Mur-Porteur-technique-2-demi-poutrelles-coupe-415x234.jpg\" alt=\"\" width=\"415\" height=\"234\" srcset=\"https:\/\/www.mursporteurs.fr\/wp-content\/uploads\/2010\/12\/Sch\u00e9ma-Ouverture-Mur-Porteur-technique-2-demi-poutrelles-coupe-415x234.jpg 415w, https:\/\/www.mursporteurs.fr\/wp-content\/uploads\/2010\/12\/Sch\u00e9ma-Ouverture-Mur-Porteur-technique-2-demi-poutrelles-coupe.jpg 471w\" sizes=\"(max-width: 415px) 100vw, 415px\" \/><\/p>\n<h3>4\/ Le Moisage ou \u00ab\u00a0pincement de mur\u00a0\u00bb<\/h3>\n<p>Cette technique est surtout utilis\u00e9e pour les ouvertures de grandes port\u00e9es (&gt;4ml).<br \/>\nElle consiste \u00e0 fixer, de part et d&rsquo;autre du <a href=\"http:\/\/www.mursporteurs.fr\/definition-mur-porteur\/\">mur porteur<\/a> \u00e0 ouvrir, des U entre eux \u00e0 l&rsquo;aide de tiges filet\u00e9es.<\/p>\n<p><img loading=\"lazy\" title=\"Ouverture Mur semi porteur moisage 1\" src=\"..\/wp-content\/uploads\/2010\/12\/Ouverture-Mur-semi-porteur-moisage-1-400x300.jpg\" alt=\"\" width=\"400\" height=\"300\" \/><\/p>\n","protected":false},"excerpt":{"rendered":"<p>Seul le B.E.T. est habilit\u00e9 \u00e0 d\u00e9terminer la technique d&rsquo;ouverture d&rsquo;un mur porteur d&rsquo;o\u00f9 l&rsquo;importance de l&rsquo;\u00e9tude pr\u00e9alable de structure 1\/ Poutrelle sur sommiers Il s&rsquo;agit de la technique la plus simple et la plus utilis\u00e9e pour la cr\u00e9ation de &hellip; <a href=\"https:\/\/www.mursporteurs.fr\/?page_id=17\">Continuer la lecture <span class=\"meta-nav\">&rarr;<\/span><\/a><\/p>\n","protected":false},"author":1,"featured_media":0,"parent":0,"menu_order":50,"comment_status":"open","ping_status":"open","template":"","meta":[],"yoast_head":"<!-- This site is optimized with the Yoast SEO plugin v17.4 - https:\/\/yoast.com\/wordpress\/plugins\/seo\/ -->\n<meta name=\"robots\" content=\"index, follow, max-snippet:-1, max-image-preview:large, max-video-preview:-1\" \/>\n<link rel=\"canonical\" href=\"https:\/\/www.mursporteurs.fr\/?page_id=17\" \/>\n<meta property=\"og:locale\" content=\"fr_FR\" \/>\n<meta property=\"og:type\" content=\"article\" \/>\n<meta property=\"og:title\" content=\"Les diff\u00e9rentes techniques d&#039;ouverture mur porteur - Murs Porteurs\" \/>\n<meta property=\"og:description\" content=\"Seul le B.E.T. est habilit\u00e9 \u00e0 d\u00e9terminer la technique d&rsquo;ouverture d&rsquo;un mur porteur d&rsquo;o\u00f9 l&rsquo;importance de l&rsquo;\u00e9tude pr\u00e9alable de structure 1\/ Poutrelle sur sommiers Il s&rsquo;agit de la technique la plus simple et la plus utilis\u00e9e pour la cr\u00e9ation de &hellip; Continuer la lecture &rarr;\" \/>\n<meta property=\"og:url\" content=\"https:\/\/www.mursporteurs.fr\/?page_id=17\" \/>\n<meta property=\"og:site_name\" content=\"Murs Porteurs\" \/>\n<meta property=\"article:modified_time\" content=\"2011-01-04T14:04:04+00:00\" \/>\n<meta property=\"og:image\" content=\"http:\/\/www.mursporteurs.fr\/wp-content\/uploads\/2010\/12\/Ouverture-Mur-Porteur-Portique-6-400x300.jpg\" \/>\n<meta name=\"twitter:card\" content=\"summary_large_image\" \/>\n<meta name=\"twitter:label1\" content=\"Dur\u00e9e de lecture est.\" \/>\n\t<meta name=\"twitter:data1\" content=\"2 minutes\" \/>\n<script type=\"application\/ld+json\" class=\"yoast-schema-graph\">{\"@context\":\"https:\/\/schema.org\",\"@graph\":[{\"@type\":\"WebSite\",\"@id\":\"http:\/\/www.mursporteurs.fr\/#website\",\"url\":\"http:\/\/www.mursporteurs.fr\/\",\"name\":\"Murs Porteurs\",\"description\":\"Entreprise sp\\u00e9cialis\\u00e9e dans l&#039;ouverture de murs porteurs, les extensions et les sur\\u00e9l\\u00e9vations de maisons sur Paris et r\\u00e9gion parisienne.\",\"potentialAction\":[{\"@type\":\"SearchAction\",\"target\":{\"@type\":\"EntryPoint\",\"urlTemplate\":\"http:\/\/www.mursporteurs.fr\/?s={search_term_string}\"},\"query-input\":\"required name=search_term_string\"}],\"inLanguage\":\"fr-FR\"},{\"@type\":\"ImageObject\",\"@id\":\"https:\/\/www.mursporteurs.fr\/?page_id=17#primaryimage\",\"inLanguage\":\"fr-FR\",\"url\":\"http:\/\/www.mursporteurs.fr\/wp-content\/uploads\/2010\/12\/Ouverture-Mur-Porteur-Portique-6-400x300.jpg\",\"contentUrl\":\"http:\/\/www.mursporteurs.fr\/wp-content\/uploads\/2010\/12\/Ouverture-Mur-Porteur-Portique-6-400x300.jpg\"},{\"@type\":\"WebPage\",\"@id\":\"https:\/\/www.mursporteurs.fr\/?page_id=17#webpage\",\"url\":\"https:\/\/www.mursporteurs.fr\/?page_id=17\",\"name\":\"Les diff\\u00e9rentes techniques d'ouverture mur porteur - Murs Porteurs\",\"isPartOf\":{\"@id\":\"http:\/\/www.mursporteurs.fr\/#website\"},\"primaryImageOfPage\":{\"@id\":\"https:\/\/www.mursporteurs.fr\/?page_id=17#primaryimage\"},\"datePublished\":\"2010-12-03T16:13:42+00:00\",\"dateModified\":\"2011-01-04T14:04:04+00:00\",\"breadcrumb\":{\"@id\":\"https:\/\/www.mursporteurs.fr\/?page_id=17#breadcrumb\"},\"inLanguage\":\"fr-FR\",\"potentialAction\":[{\"@type\":\"ReadAction\",\"target\":[\"https:\/\/www.mursporteurs.fr\/?page_id=17\"]}]},{\"@type\":\"BreadcrumbList\",\"@id\":\"https:\/\/www.mursporteurs.fr\/?page_id=17#breadcrumb\",\"itemListElement\":[{\"@type\":\"ListItem\",\"position\":1,\"name\":\"Accueil\",\"item\":\"http:\/\/www.mursporteurs.fr\/\"},{\"@type\":\"ListItem\",\"position\":2,\"name\":\"Les diff\\u00e9rentes techniques d&rsquo;ouverture mur porteur\"}]}]}<\/script>\n<!-- \/ Yoast SEO plugin. -->","yoast_head_json":{"robots":{"index":"index","follow":"follow","max-snippet":"max-snippet:-1","max-image-preview":"max-image-preview:large","max-video-preview":"max-video-preview:-1"},"canonical":"https:\/\/www.mursporteurs.fr\/?page_id=17","og_locale":"fr_FR","og_type":"article","og_title":"Les diff\u00e9rentes techniques d'ouverture mur porteur - Murs Porteurs","og_description":"Seul le B.E.T. est habilit\u00e9 \u00e0 d\u00e9terminer la technique d&rsquo;ouverture d&rsquo;un mur porteur d&rsquo;o\u00f9 l&rsquo;importance de l&rsquo;\u00e9tude pr\u00e9alable de structure 1\/ Poutrelle sur sommiers Il s&rsquo;agit de la technique la plus simple et la plus utilis\u00e9e pour la cr\u00e9ation de &hellip; Continuer la lecture &rarr;","og_url":"https:\/\/www.mursporteurs.fr\/?page_id=17","og_site_name":"Murs Porteurs","article_modified_time":"2011-01-04T14:04:04+00:00","og_image":[{"url":"http:\/\/www.mursporteurs.fr\/wp-content\/uploads\/2010\/12\/Ouverture-Mur-Porteur-Portique-6-400x300.jpg"}],"twitter_card":"summary_large_image","twitter_misc":{"Dur\u00e9e de lecture est.":"2 minutes"},"schema":{"@context":"https:\/\/schema.org","@graph":[{"@type":"WebSite","@id":"http:\/\/www.mursporteurs.fr\/#website","url":"http:\/\/www.mursporteurs.fr\/","name":"Murs Porteurs","description":"Entreprise sp\u00e9cialis\u00e9e dans l&#039;ouverture de murs porteurs, les extensions et les sur\u00e9l\u00e9vations de maisons sur Paris et r\u00e9gion parisienne.","potentialAction":[{"@type":"SearchAction","target":{"@type":"EntryPoint","urlTemplate":"http:\/\/www.mursporteurs.fr\/?s={search_term_string}"},"query-input":"required name=search_term_string"}],"inLanguage":"fr-FR"},{"@type":"ImageObject","@id":"https:\/\/www.mursporteurs.fr\/?page_id=17#primaryimage","inLanguage":"fr-FR","url":"http:\/\/www.mursporteurs.fr\/wp-content\/uploads\/2010\/12\/Ouverture-Mur-Porteur-Portique-6-400x300.jpg","contentUrl":"http:\/\/www.mursporteurs.fr\/wp-content\/uploads\/2010\/12\/Ouverture-Mur-Porteur-Portique-6-400x300.jpg"},{"@type":"WebPage","@id":"https:\/\/www.mursporteurs.fr\/?page_id=17#webpage","url":"https:\/\/www.mursporteurs.fr\/?page_id=17","name":"Les diff\u00e9rentes techniques d'ouverture mur porteur - Murs Porteurs","isPartOf":{"@id":"http:\/\/www.mursporteurs.fr\/#website"},"primaryImageOfPage":{"@id":"https:\/\/www.mursporteurs.fr\/?page_id=17#primaryimage"},"datePublished":"2010-12-03T16:13:42+00:00","dateModified":"2011-01-04T14:04:04+00:00","breadcrumb":{"@id":"https:\/\/www.mursporteurs.fr\/?page_id=17#breadcrumb"},"inLanguage":"fr-FR","potentialAction":[{"@type":"ReadAction","target":["https:\/\/www.mursporteurs.fr\/?page_id=17"]}]},{"@type":"BreadcrumbList","@id":"https:\/\/www.mursporteurs.fr\/?page_id=17#breadcrumb","itemListElement":[{"@type":"ListItem","position":1,"name":"Accueil","item":"http:\/\/www.mursporteurs.fr\/"},{"@type":"ListItem","position":2,"name":"Les diff\u00e9rentes techniques d&rsquo;ouverture mur porteur"}]}]}},"_links":{"self":[{"href":"https:\/\/www.mursporteurs.fr\/index.php?rest_route=\/wp\/v2\/pages\/17"}],"collection":[{"href":"https:\/\/www.mursporteurs.fr\/index.php?rest_route=\/wp\/v2\/pages"}],"about":[{"href":"https:\/\/www.mursporteurs.fr\/index.php?rest_route=\/wp\/v2\/types\/page"}],"author":[{"embeddable":true,"href":"https:\/\/www.mursporteurs.fr\/index.php?rest_route=\/wp\/v2\/users\/1"}],"replies":[{"embeddable":true,"href":"https:\/\/www.mursporteurs.fr\/index.php?rest_route=%2Fwp%2Fv2%2Fcomments&post=17"}],"version-history":[{"count":18,"href":"https:\/\/www.mursporteurs.fr\/index.php?rest_route=\/wp\/v2\/pages\/17\/revisions"}],"predecessor-version":[{"id":20,"href":"https:\/\/www.mursporteurs.fr\/index.php?rest_route=\/wp\/v2\/pages\/17\/revisions\/20"}],"wp:attachment":[{"href":"https:\/\/www.mursporteurs.fr\/index.php?rest_route=%2Fwp%2Fv2%2Fmedia&parent=17"}],"curies":[{"name":"wp","href":"https:\/\/api.w.org\/{rel}","templated":true}]}}