{"id":1493,"date":"2021-10-25T15:24:26","date_gmt":"2021-10-25T14:24:26","guid":{"rendered":"http:\/\/www.mursporteurs.fr\/?page_id=1493"},"modified":"2021-10-25T16:01:33","modified_gmt":"2021-10-25T15:01:33","slug":"contact-murs-porteurs","status":"publish","type":"page","link":"https:\/\/www.mursporteurs.fr\/?page_id=1493","title":{"rendered":"CONTACT"},"content":{"rendered":"\t\t<div data-elementor-type=\"wp-page\" data-elementor-id=\"1493\" class=\"elementor elementor-1493\" data-elementor-settings=\"[]\">\n\t\t\t\t\t\t\t<div class=\"elementor-section-wrap\">\n\t\t\t\t\t\t\t<section class=\"elementor-section elementor-top-section elementor-element elementor-element-7d4c2eed elementor-section-boxed elementor-section-height-default elementor-section-height-default\" data-id=\"7d4c2eed\" data-element_type=\"section\">\n\t\t\t\t\t\t<div class=\"elementor-container elementor-column-gap-default\">\n\t\t\t\t\t<div class=\"elementor-column elementor-col-100 elementor-top-column elementor-element elementor-element-37147a10\" data-id=\"37147a10\" data-element_type=\"column\">\n\t\t\t<div class=\"elementor-widget-wrap elementor-element-populated\">\n\t\t\t\t\t\t\t\t<div class=\"elementor-element elementor-element-77c5f985 elementor-widget elementor-widget-text-editor\" data-id=\"77c5f985\" data-element_type=\"widget\" data-widget_type=\"text-editor.default\">\n\t\t\t\t<div class=\"elementor-widget-container\">\n\t\t\t\t\t\t\t<p>Vous pouvez nous joindre directement par t\u00e9l\u00e9phone ou en remplissant ce formulaire de contact. En cas d\u2019absence, n\u2019h\u00e9sitez pas \u00e0 nous laisser un message, nous rappelons tous nos interlocuteurs.<\/p>\n<p>Nous sommes toujours tr\u00e8s heureux de compter parmi nous de nouveaux clients qui deviendront nos futurs apporteurs d\u2019affaires\u2026<\/p>\n<!-- wp:wpforms\/form-selector {\"formId\":\"1477\"} \/-->\t\t\t\t\t\t<\/div>\n\t\t\t\t<\/div>\n\t\t\t\t\t<\/div>\n\t\t<\/div>\n\t\t\t\t\t\t\t<\/div>\n\t\t<\/section>\n\t\t\t\t<section class=\"elementor-section elementor-top-section elementor-element elementor-element-7e5b8d6 elementor-section-boxed elementor-section-height-default elementor-section-height-default\" data-id=\"7e5b8d6\" data-element_type=\"section\">\n\t\t\t\t\t\t<div class=\"elementor-container elementor-column-gap-default\">\n\t\t\t\t\t<div class=\"elementor-column elementor-col-100 elementor-top-column elementor-element elementor-element-b727eaa\" data-id=\"b727eaa\" data-element_type=\"column\">\n\t\t\t<div class=\"elementor-widget-wrap elementor-element-populated\">\n\t\t\t\t\t\t\t\t<div class=\"elementor-element elementor-element-fc4d9c6 elementor-widget elementor-widget-wp-widget-wpforms-widget\" data-id=\"fc4d9c6\" data-element_type=\"widget\" data-widget_type=\"wp-widget-wpforms-widget.default\">\n\t\t\t\t<div class=\"elementor-widget-container\">\n\t\t\t<div class=\"wpforms-container wpforms-container-full\" id=\"wpforms-1477\"><form id=\"wpforms-form-1477\" class=\"wpforms-validate wpforms-form wpforms-ajax-form\" data-formid=\"1477\" method=\"post\" enctype=\"multipart\/form-data\" action=\"\/index.php?rest_route=%2Fwp%2Fv2%2Fpages%2F1493\" data-token=\"c7b44073ba3d6bfdee5b4a68652c0d36\"><noscript class=\"wpforms-error-noscript\">Veuillez activer JavaScript dans votre navigateur pour remplir ce formulaire.<\/noscript><div class=\"wpforms-field-container\"><div id=\"wpforms-1477-field_1-container\" class=\"wpforms-field wpforms-field-name\" data-field-id=\"1\"><label class=\"wpforms-field-label\" for=\"wpforms-1477-field_1\">Nom <span class=\"wpforms-required-label\">*<\/span><\/label><div class=\"wpforms-field-row wpforms-field-medium\"><div class=\"wpforms-field-row-block wpforms-first wpforms-one-half\"><input type=\"text\" id=\"wpforms-1477-field_1\" class=\"wpforms-field-name-first wpforms-field-required\" name=\"wpforms[fields][1][first]\" required><label for=\"wpforms-1477-field_1\" class=\"wpforms-field-sublabel after \">Pr\u00e9nom<\/label><\/div><div class=\"wpforms-field-row-block wpforms-one-half\"><input type=\"text\" id=\"wpforms-1477-field_1-last\" class=\"wpforms-field-name-last wpforms-field-required\" name=\"wpforms[fields][1][last]\" required><label for=\"wpforms-1477-field_1-last\" class=\"wpforms-field-sublabel after \">Nom<\/label><\/div><\/div><\/div><div id=\"wpforms-1477-field_2-container\" class=\"wpforms-field wpforms-field-email\" data-field-id=\"2\"><label class=\"wpforms-field-label\" for=\"wpforms-1477-field_2\">E-mail <span class=\"wpforms-required-label\">*<\/span><\/label><input type=\"email\" id=\"wpforms-1477-field_2\" class=\"wpforms-field-medium wpforms-field-required\" name=\"wpforms[fields][2]\" required><\/div><div id=\"wpforms-1477-field_3-container\" class=\"wpforms-field wpforms-field-text\" data-field-id=\"3\"><label class=\"wpforms-field-label\" for=\"wpforms-1477-field_3\">Commentaire <\/label><input type=\"text\" id=\"wpforms-1477-field_3\" class=\"wpforms-field-medium\" name=\"wpforms[fields][3]\" ><\/div><\/div><div class=\"wpforms-submit-container\" ><input type=\"hidden\" name=\"wpforms[id]\" value=\"1477\"><input type=\"hidden\" name=\"wpforms[author]\" value=\"1\"><button type=\"submit\" name=\"wpforms[submit]\" class=\"wpforms-submit \" id=\"wpforms-submit-1477\" value=\"wpforms-submit\" aria-live=\"assertive\" data-alt-text=\"Envoi...\" data-submit-text=\"Envoyer\">Envoyer<\/button><img loading=\"lazy\" src=\"https:\/\/www.mursporteurs.fr\/wp-content\/plugins\/wpforms-lite\/assets\/images\/submit-spin.svg\" class=\"wpforms-submit-spinner\" style=\"display: none;\" width=\"26\" height=\"26\" alt=\"\"><\/div><\/form><\/div>  <!-- .wpforms-container -->\t\t<\/div>\n\t\t\t\t<\/div>\n\t\t\t\t\t<\/div>\n\t\t<\/div>\n\t\t\t\t\t\t\t<\/div>\n\t\t<\/section>\n\t\t\t\t\t\t<\/div>\n\t\t\t\t\t<\/div>\n\t\t","protected":false},"excerpt":{"rendered":"<p>Vous pouvez nous joindre directement par t\u00e9l\u00e9phone ou en remplissant ce formulaire de contact. En cas d\u2019absence, n\u2019h\u00e9sitez pas \u00e0 nous laisser un message, nous rappelons tous nos interlocuteurs. Nous sommes toujours tr\u00e8s heureux de compter parmi nous de nouveaux &hellip; <a href=\"https:\/\/www.mursporteurs.fr\/?page_id=1493\">Continuer la lecture <span class=\"meta-nav\">&rarr;<\/span><\/a><\/p>\n","protected":false},"author":1,"featured_media":0,"parent":0,"menu_order":0,"comment_status":"closed","ping_status":"closed","template":"","meta":[],"yoast_head":"<!-- This site is optimized with the Yoast SEO plugin v17.4 - https:\/\/yoast.com\/wordpress\/plugins\/seo\/ -->\n<meta name=\"description\" content=\"Merci de remplir la page de formulaire de contact Murs Porteurs o\u00f9 renseigner ses noms, pr\u00e9noms et commentaires.\" \/>\n<meta name=\"robots\" content=\"index, follow, max-snippet:-1, max-image-preview:large, max-video-preview:-1\" \/>\n<link rel=\"canonical\" href=\"https:\/\/www.mursporteurs.fr\/?page_id=1493\" \/>\n<meta property=\"og:locale\" content=\"fr_FR\" \/>\n<meta property=\"og:type\" content=\"article\" \/>\n<meta property=\"og:title\" content=\"CONTACT - Murs Porteurs\" \/>\n<meta property=\"og:description\" content=\"Merci de remplir la page de formulaire de contact Murs Porteurs o\u00f9 renseigner ses noms, pr\u00e9noms et commentaires.\" \/>\n<meta property=\"og:url\" content=\"https:\/\/www.mursporteurs.fr\/?page_id=1493\" \/>\n<meta property=\"og:site_name\" content=\"Murs Porteurs\" \/>\n<meta property=\"article:modified_time\" content=\"2021-10-25T15:01:33+00:00\" \/>\n<meta name=\"twitter:card\" content=\"summary_large_image\" \/>\n<meta name=\"twitter:label1\" content=\"Dur\u00e9e de lecture est.\" \/>\n\t<meta name=\"twitter:data1\" content=\"1 minute\" \/>\n<script type=\"application\/ld+json\" class=\"yoast-schema-graph\">{\"@context\":\"https:\/\/schema.org\",\"@graph\":[{\"@type\":\"WebSite\",\"@id\":\"https:\/\/www.mursporteurs.fr\/#website\",\"url\":\"https:\/\/www.mursporteurs.fr\/\",\"name\":\"Murs Porteurs\",\"description\":\"Entreprise sp\\u00e9cialis\\u00e9e dans l&#039;ouverture de murs porteurs, les extensions et les sur\\u00e9l\\u00e9vations de maisons sur Paris et r\\u00e9gion parisienne.\",\"potentialAction\":[{\"@type\":\"SearchAction\",\"target\":{\"@type\":\"EntryPoint\",\"urlTemplate\":\"https:\/\/www.mursporteurs.fr\/?s={search_term_string}\"},\"query-input\":\"required name=search_term_string\"}],\"inLanguage\":\"fr-FR\"},{\"@type\":\"WebPage\",\"@id\":\"https:\/\/www.mursporteurs.fr\/?page_id=1493#webpage\",\"url\":\"https:\/\/www.mursporteurs.fr\/?page_id=1493\",\"name\":\"CONTACT - Murs Porteurs\",\"isPartOf\":{\"@id\":\"https:\/\/www.mursporteurs.fr\/#website\"},\"datePublished\":\"2021-10-25T14:24:26+00:00\",\"dateModified\":\"2021-10-25T15:01:33+00:00\",\"description\":\"Merci de remplir la page de formulaire de contact Murs Porteurs o\\u00f9 renseigner ses noms, pr\\u00e9noms et commentaires.\",\"breadcrumb\":{\"@id\":\"https:\/\/www.mursporteurs.fr\/?page_id=1493#breadcrumb\"},\"inLanguage\":\"fr-FR\",\"potentialAction\":[{\"@type\":\"ReadAction\",\"target\":[\"https:\/\/www.mursporteurs.fr\/?page_id=1493\"]}]},{\"@type\":\"BreadcrumbList\",\"@id\":\"https:\/\/www.mursporteurs.fr\/?page_id=1493#breadcrumb\",\"itemListElement\":[{\"@type\":\"ListItem\",\"position\":1,\"name\":\"Accueil\",\"item\":\"https:\/\/www.mursporteurs.fr\/\"},{\"@type\":\"ListItem\",\"position\":2,\"name\":\"page de contact Murs Porteurs\"}]}]}<\/script>\n<!-- \/ Yoast SEO plugin. -->","yoast_head_json":{"description":"Merci de remplir la page de formulaire de contact Murs Porteurs o\u00f9 renseigner ses noms, pr\u00e9noms et commentaires.","robots":{"index":"index","follow":"follow","max-snippet":"max-snippet:-1","max-image-preview":"max-image-preview:large","max-video-preview":"max-video-preview:-1"},"canonical":"https:\/\/www.mursporteurs.fr\/?page_id=1493","og_locale":"fr_FR","og_type":"article","og_title":"CONTACT - Murs Porteurs","og_description":"Merci de remplir la page de formulaire de contact Murs Porteurs o\u00f9 renseigner ses noms, pr\u00e9noms et commentaires.","og_url":"https:\/\/www.mursporteurs.fr\/?page_id=1493","og_site_name":"Murs Porteurs","article_modified_time":"2021-10-25T15:01:33+00:00","twitter_card":"summary_large_image","twitter_misc":{"Dur\u00e9e de lecture est.":"1 minute"},"schema":{"@context":"https:\/\/schema.org","@graph":[{"@type":"WebSite","@id":"https:\/\/www.mursporteurs.fr\/#website","url":"https:\/\/www.mursporteurs.fr\/","name":"Murs Porteurs","description":"Entreprise sp\u00e9cialis\u00e9e dans l&#039;ouverture de murs porteurs, les extensions et les sur\u00e9l\u00e9vations de maisons sur Paris et r\u00e9gion parisienne.","potentialAction":[{"@type":"SearchAction","target":{"@type":"EntryPoint","urlTemplate":"https:\/\/www.mursporteurs.fr\/?s={search_term_string}"},"query-input":"required name=search_term_string"}],"inLanguage":"fr-FR"},{"@type":"WebPage","@id":"https:\/\/www.mursporteurs.fr\/?page_id=1493#webpage","url":"https:\/\/www.mursporteurs.fr\/?page_id=1493","name":"CONTACT - Murs Porteurs","isPartOf":{"@id":"https:\/\/www.mursporteurs.fr\/#website"},"datePublished":"2021-10-25T14:24:26+00:00","dateModified":"2021-10-25T15:01:33+00:00","description":"Merci de remplir la page de formulaire de contact Murs Porteurs o\u00f9 renseigner ses noms, pr\u00e9noms et commentaires.","breadcrumb":{"@id":"https:\/\/www.mursporteurs.fr\/?page_id=1493#breadcrumb"},"inLanguage":"fr-FR","potentialAction":[{"@type":"ReadAction","target":["https:\/\/www.mursporteurs.fr\/?page_id=1493"]}]},{"@type":"BreadcrumbList","@id":"https:\/\/www.mursporteurs.fr\/?page_id=1493#breadcrumb","itemListElement":[{"@type":"ListItem","position":1,"name":"Accueil","item":"https:\/\/www.mursporteurs.fr\/"},{"@type":"ListItem","position":2,"name":"page de contact Murs Porteurs"}]}]}},"_links":{"self":[{"href":"https:\/\/www.mursporteurs.fr\/index.php?rest_route=\/wp\/v2\/pages\/1493"}],"collection":[{"href":"https:\/\/www.mursporteurs.fr\/index.php?rest_route=\/wp\/v2\/pages"}],"about":[{"href":"https:\/\/www.mursporteurs.fr\/index.php?rest_route=\/wp\/v2\/types\/page"}],"author":[{"embeddable":true,"href":"https:\/\/www.mursporteurs.fr\/index.php?rest_route=\/wp\/v2\/users\/1"}],"replies":[{"embeddable":true,"href":"https:\/\/www.mursporteurs.fr\/index.php?rest_route=%2Fwp%2Fv2%2Fcomments&post=1493"}],"version-history":[{"count":19,"href":"https:\/\/www.mursporteurs.fr\/index.php?rest_route=\/wp\/v2\/pages\/1493\/revisions"}],"predecessor-version":[{"id":1515,"href":"https:\/\/www.mursporteurs.fr\/index.php?rest_route=\/wp\/v2\/pages\/1493\/revisions\/1515"}],"wp:attachment":[{"href":"https:\/\/www.mursporteurs.fr\/index.php?rest_route=%2Fwp%2Fv2%2Fmedia&parent=1493"}],"curies":[{"name":"wp","href":"https:\/\/api.w.org\/{rel}","templated":true}]}}