{"id":125,"date":"2010-12-08T09:17:26","date_gmt":"2010-12-08T08:17:26","guid":{"rendered":"http:\/\/www.mursporteurs.fr\/"},"modified":"2011-01-17T13:17:41","modified_gmt":"2011-01-17T12:17:41","slug":"comment-determiner-si-un-mur-porteur-est-porteur-ou-non","status":"publish","type":"page","link":"https:\/\/www.mursporteurs.fr\/?page_id=125","title":{"rendered":"Comment d\u00e9terminer si un mur porteur est porteur ou non ?"},"content":{"rendered":"<h3><strong>D\u00e9terminer si un mur porteur est porteur ou non ?<\/strong><\/h3>\n<p>La r\u00e9ponse est tr\u00e8s simple en th\u00e9orie mais en pratique est elle source de d\u00e9gradations. En effet, un <em>mur est porteur<\/em> s\u2019il porte quelque chose :<\/p>\n<ul>\n<li> comme un autre mur dans le cas d\u2019un mur de fa\u00e7ade ou d\u2019un <a href=\"http:\/\/www.mursporteurs.fr\/nos-realisations-mur-porteur\/\">mur de refend<\/a><\/li>\n<li>comme une chapente ou une terrasse<\/li>\n<li>comme un plancher (pannes ou solives)<\/li>\n<\/ul>\n<p>Dans les 2 premiers cas, il est facile de s\u2019en apercevoir sans manipulation. Cependant le sondage restera obligatoire pour en d\u00e9terminer la nature, l\u2019\u00e9paisseur et donc la r\u00e9sistance.<\/p>\n<p>Dans le cas d\u2019un plancher c\u2019est beaucoup plus difficile car en fait il faut savoir si le mur ou la cloison (cloison semi-porteuse) porte le plancher du dessus. Il faut donc pour cela faire des trous dans le plafonds (environ 30x30cm) au ras du mur ou de la cloison pour voir si le plancher se repose dessus.<\/p>\n<p><img loading=\"lazy\" class=\"aligncenter size-medium wp-image-246\" title=\"Sondage Plancher\" src=\"http:\/\/www.mursporteurs.fr\/wp-content\/uploads\/2010\/12\/Sondage-Plancher1-400x300.jpg\" alt=\"\" width=\"400\" height=\"300\" srcset=\"https:\/\/www.mursporteurs.fr\/wp-content\/uploads\/2010\/12\/Sondage-Plancher1-400x300.jpg 400w, https:\/\/www.mursporteurs.fr\/wp-content\/uploads\/2010\/12\/Sondage-Plancher1.jpg 640w\" sizes=\"(max-width: 400px) 100vw, 400px\" \/><\/p>\n<p style=\"text-align: right;\"><span style=\"color: #808080; font-family: Verdana, Arial, Helvetica, sans-serif; font-size: 9px;\">TAGS : <a href=\"http:\/\/www.mursporteurs.fr\/faq-mur-porteur\/comment-construire-un-mur-porteur\/\">construire mur porteur<\/a> &#8211; <a href=\"http:\/\/www.mursporteurs.fr\/\">mur porteur<\/a> <\/span><\/p>\n","protected":false},"excerpt":{"rendered":"<p>D\u00e9terminer si un mur porteur est porteur ou non ? La r\u00e9ponse est tr\u00e8s simple en th\u00e9orie mais en pratique est elle source de d\u00e9gradations. En effet, un mur est porteur s\u2019il porte quelque chose : comme un autre mur &hellip; <a href=\"https:\/\/www.mursporteurs.fr\/?page_id=125\">Continuer la lecture <span class=\"meta-nav\">&rarr;<\/span><\/a><\/p>\n","protected":false},"author":1,"featured_media":0,"parent":38,"menu_order":0,"comment_status":"open","ping_status":"open","template":"","meta":[],"yoast_head":"<!-- This site is optimized with the Yoast SEO plugin v17.4 - https:\/\/yoast.com\/wordpress\/plugins\/seo\/ -->\n<meta name=\"robots\" content=\"index, follow, max-snippet:-1, max-image-preview:large, max-video-preview:-1\" \/>\n<link rel=\"canonical\" href=\"http:\/\/www.mursporteurs.fr\/?page_id=125\" \/>\n<meta property=\"og:locale\" content=\"fr_FR\" \/>\n<meta property=\"og:type\" content=\"article\" \/>\n<meta property=\"og:title\" content=\"Comment d\u00e9terminer si un mur porteur est porteur ou non ? - Murs Porteurs\" \/>\n<meta property=\"og:description\" content=\"D\u00e9terminer si un mur porteur est porteur ou non ? La r\u00e9ponse est tr\u00e8s simple en th\u00e9orie mais en pratique est elle source de d\u00e9gradations. En effet, un mur est porteur s\u2019il porte quelque chose : comme un autre mur &hellip; Continuer la lecture &rarr;\" \/>\n<meta property=\"og:url\" content=\"http:\/\/www.mursporteurs.fr\/?page_id=125\" \/>\n<meta property=\"og:site_name\" content=\"Murs Porteurs\" \/>\n<meta property=\"article:modified_time\" content=\"2011-01-17T12:17:41+00:00\" \/>\n<meta property=\"og:image\" content=\"http:\/\/www.mursporteurs.fr\/wp-content\/uploads\/2010\/12\/Sondage-Plancher1-400x300.jpg\" \/>\n<meta name=\"twitter:card\" content=\"summary_large_image\" \/>\n<meta name=\"twitter:label1\" content=\"Dur\u00e9e de lecture est.\" \/>\n\t<meta name=\"twitter:data1\" content=\"1 minute\" \/>\n<script type=\"application\/ld+json\" class=\"yoast-schema-graph\">{\"@context\":\"https:\/\/schema.org\",\"@graph\":[{\"@type\":\"WebSite\",\"@id\":\"https:\/\/www.mursporteurs.fr\/#website\",\"url\":\"https:\/\/www.mursporteurs.fr\/\",\"name\":\"Murs Porteurs\",\"description\":\"Entreprise sp\\u00e9cialis\\u00e9e dans l&#039;ouverture de murs porteurs, les extensions et les sur\\u00e9l\\u00e9vations de maisons sur Paris et r\\u00e9gion parisienne.\",\"potentialAction\":[{\"@type\":\"SearchAction\",\"target\":{\"@type\":\"EntryPoint\",\"urlTemplate\":\"https:\/\/www.mursporteurs.fr\/?s={search_term_string}\"},\"query-input\":\"required name=search_term_string\"}],\"inLanguage\":\"fr-FR\"},{\"@type\":\"ImageObject\",\"@id\":\"http:\/\/www.mursporteurs.fr\/?page_id=125#primaryimage\",\"inLanguage\":\"fr-FR\",\"url\":\"http:\/\/www.mursporteurs.fr\/wp-content\/uploads\/2010\/12\/Sondage-Plancher1-400x300.jpg\",\"contentUrl\":\"http:\/\/www.mursporteurs.fr\/wp-content\/uploads\/2010\/12\/Sondage-Plancher1-400x300.jpg\"},{\"@type\":\"WebPage\",\"@id\":\"http:\/\/www.mursporteurs.fr\/?page_id=125#webpage\",\"url\":\"http:\/\/www.mursporteurs.fr\/?page_id=125\",\"name\":\"Comment d\\u00e9terminer si un mur porteur est porteur ou non ? - Murs Porteurs\",\"isPartOf\":{\"@id\":\"https:\/\/www.mursporteurs.fr\/#website\"},\"primaryImageOfPage\":{\"@id\":\"http:\/\/www.mursporteurs.fr\/?page_id=125#primaryimage\"},\"datePublished\":\"2010-12-08T08:17:26+00:00\",\"dateModified\":\"2011-01-17T12:17:41+00:00\",\"breadcrumb\":{\"@id\":\"http:\/\/www.mursporteurs.fr\/?page_id=125#breadcrumb\"},\"inLanguage\":\"fr-FR\",\"potentialAction\":[{\"@type\":\"ReadAction\",\"target\":[\"http:\/\/www.mursporteurs.fr\/?page_id=125\"]}]},{\"@type\":\"BreadcrumbList\",\"@id\":\"http:\/\/www.mursporteurs.fr\/?page_id=125#breadcrumb\",\"itemListElement\":[{\"@type\":\"ListItem\",\"position\":1,\"name\":\"Accueil\",\"item\":\"https:\/\/www.mursporteurs.fr\/\"},{\"@type\":\"ListItem\",\"position\":2,\"name\":\"FAQ\",\"item\":\"http:\/\/www.mursporteurs.fr\/?page_id=38\"},{\"@type\":\"ListItem\",\"position\":3,\"name\":\"Comment d\\u00e9terminer si un mur porteur est porteur ou non ?\"}]}]}<\/script>\n<!-- \/ Yoast SEO plugin. -->","yoast_head_json":{"robots":{"index":"index","follow":"follow","max-snippet":"max-snippet:-1","max-image-preview":"max-image-preview:large","max-video-preview":"max-video-preview:-1"},"canonical":"http:\/\/www.mursporteurs.fr\/?page_id=125","og_locale":"fr_FR","og_type":"article","og_title":"Comment d\u00e9terminer si un mur porteur est porteur ou non ? - Murs Porteurs","og_description":"D\u00e9terminer si un mur porteur est porteur ou non ? La r\u00e9ponse est tr\u00e8s simple en th\u00e9orie mais en pratique est elle source de d\u00e9gradations. En effet, un mur est porteur s\u2019il porte quelque chose : comme un autre mur &hellip; Continuer la lecture &rarr;","og_url":"http:\/\/www.mursporteurs.fr\/?page_id=125","og_site_name":"Murs Porteurs","article_modified_time":"2011-01-17T12:17:41+00:00","og_image":[{"url":"http:\/\/www.mursporteurs.fr\/wp-content\/uploads\/2010\/12\/Sondage-Plancher1-400x300.jpg"}],"twitter_card":"summary_large_image","twitter_misc":{"Dur\u00e9e de lecture est.":"1 minute"},"schema":{"@context":"https:\/\/schema.org","@graph":[{"@type":"WebSite","@id":"https:\/\/www.mursporteurs.fr\/#website","url":"https:\/\/www.mursporteurs.fr\/","name":"Murs Porteurs","description":"Entreprise sp\u00e9cialis\u00e9e dans l&#039;ouverture de murs porteurs, les extensions et les sur\u00e9l\u00e9vations de maisons sur Paris et r\u00e9gion parisienne.","potentialAction":[{"@type":"SearchAction","target":{"@type":"EntryPoint","urlTemplate":"https:\/\/www.mursporteurs.fr\/?s={search_term_string}"},"query-input":"required name=search_term_string"}],"inLanguage":"fr-FR"},{"@type":"ImageObject","@id":"http:\/\/www.mursporteurs.fr\/?page_id=125#primaryimage","inLanguage":"fr-FR","url":"http:\/\/www.mursporteurs.fr\/wp-content\/uploads\/2010\/12\/Sondage-Plancher1-400x300.jpg","contentUrl":"http:\/\/www.mursporteurs.fr\/wp-content\/uploads\/2010\/12\/Sondage-Plancher1-400x300.jpg"},{"@type":"WebPage","@id":"http:\/\/www.mursporteurs.fr\/?page_id=125#webpage","url":"http:\/\/www.mursporteurs.fr\/?page_id=125","name":"Comment d\u00e9terminer si un mur porteur est porteur ou non ? - Murs Porteurs","isPartOf":{"@id":"https:\/\/www.mursporteurs.fr\/#website"},"primaryImageOfPage":{"@id":"http:\/\/www.mursporteurs.fr\/?page_id=125#primaryimage"},"datePublished":"2010-12-08T08:17:26+00:00","dateModified":"2011-01-17T12:17:41+00:00","breadcrumb":{"@id":"http:\/\/www.mursporteurs.fr\/?page_id=125#breadcrumb"},"inLanguage":"fr-FR","potentialAction":[{"@type":"ReadAction","target":["http:\/\/www.mursporteurs.fr\/?page_id=125"]}]},{"@type":"BreadcrumbList","@id":"http:\/\/www.mursporteurs.fr\/?page_id=125#breadcrumb","itemListElement":[{"@type":"ListItem","position":1,"name":"Accueil","item":"https:\/\/www.mursporteurs.fr\/"},{"@type":"ListItem","position":2,"name":"FAQ","item":"http:\/\/www.mursporteurs.fr\/?page_id=38"},{"@type":"ListItem","position":3,"name":"Comment d\u00e9terminer si un mur porteur est porteur ou non ?"}]}]}},"_links":{"self":[{"href":"https:\/\/www.mursporteurs.fr\/index.php?rest_route=\/wp\/v2\/pages\/125"}],"collection":[{"href":"https:\/\/www.mursporteurs.fr\/index.php?rest_route=\/wp\/v2\/pages"}],"about":[{"href":"https:\/\/www.mursporteurs.fr\/index.php?rest_route=\/wp\/v2\/types\/page"}],"author":[{"embeddable":true,"href":"https:\/\/www.mursporteurs.fr\/index.php?rest_route=\/wp\/v2\/users\/1"}],"replies":[{"embeddable":true,"href":"https:\/\/www.mursporteurs.fr\/index.php?rest_route=%2Fwp%2Fv2%2Fcomments&post=125"}],"version-history":[{"count":7,"href":"https:\/\/www.mursporteurs.fr\/index.php?rest_route=\/wp\/v2\/pages\/125\/revisions"}],"predecessor-version":[{"id":247,"href":"https:\/\/www.mursporteurs.fr\/index.php?rest_route=\/wp\/v2\/pages\/125\/revisions\/247"}],"up":[{"embeddable":true,"href":"https:\/\/www.mursporteurs.fr\/index.php?rest_route=\/wp\/v2\/pages\/38"}],"wp:attachment":[{"href":"https:\/\/www.mursporteurs.fr\/index.php?rest_route=%2Fwp%2Fv2%2Fmedia&parent=125"}],"curies":[{"name":"wp","href":"https:\/\/api.w.org\/{rel}","templated":true}]}}