{"id":115,"date":"2010-12-08T09:11:22","date_gmt":"2010-12-08T08:11:22","guid":{"rendered":"http:\/\/www.mursporteurs.fr\/"},"modified":"2011-01-17T13:10:13","modified_gmt":"2011-01-17T12:10:13","slug":"comment-casser-un-mur-porteur","status":"publish","type":"page","link":"https:\/\/www.mursporteurs.fr\/?page_id=115","title":{"rendered":"Comment casser un mur porteur ?"},"content":{"rendered":"<h3><strong>Abattre un mur porteur :<\/strong><\/h3>\n<p>ATTENTION : Pour information un <em>mur porteur<\/em> ne se casse pas mais se d\u00e9coupe obligatoirement. En effet, un <em>mur porteur<\/em> est un mur qui porte la structure. Si votre ma\u00e7on le casse avec un piqueur ou \u00e0 la masse (d\u00e9j\u00e0 vu !), les vibrations se r\u00e9percutent et risquent d\u2019endommager les cloisons\u00a0 et <em>murs porteurs<\/em> adjacents. Il y a \u00e9galement un risque non n\u00e9gligeable d\u2019effondrement. C\u2019est pourquoi un <a href=\"http:\/\/www.mursporteurs.fr\/nos-prestations-ouverture-mur-porteur\/\"><em>mur porteur<\/em><\/a> se d\u00e9coupe par sciage avec de grosses meuleuses, tron\u00e7onneuses ou d\u00e9coupeuses \u00e0 b\u00e9ton.<\/p>\n<p>Bien \u00e9videmment avant ce travail, le ma\u00e7on doit reprendre la charge supporter par le mur en positionnant des \u00e9tais. Le travail de d\u00e9coupe peut alors commencer. Suivent ensuite la mise en place des fers IPN, HEA, HEA, U\u2026 et enfin la mise sous tension des poutrelles m\u00e9talliques. Le rebouchage au mortier sans retrait peut alors commencer et finir l\u2019op\u00e9ration.<\/p>\n<p><img loading=\"lazy\" class=\"aligncenter size-medium wp-image-235\" title=\"Ouverture mur porteur voile b\u00e9ton \" src=\"http:\/\/www.mursporteurs.fr\/wp-content\/uploads\/2010\/12\/Ouverture-mur-porteur-voile-beton-0-415x276.jpg\" alt=\"\" width=\"415\" height=\"276\" srcset=\"https:\/\/www.mursporteurs.fr\/wp-content\/uploads\/2010\/12\/Ouverture-mur-porteur-voile-beton-0-415x276.jpg 415w, https:\/\/www.mursporteurs.fr\/wp-content\/uploads\/2010\/12\/Ouverture-mur-porteur-voile-beton-0.jpg 640w\" sizes=\"(max-width: 415px) 100vw, 415px\" \/><\/p>\n<p style=\"text-align: right;\"><span style=\"color: #808080; font-family: Verdana, Arial, Helvetica, sans-serif; font-size: 9px;\">TAGS : <a href=\"http:\/\/www.mursporteurs.fr\/faq-mur-porteur\/comment-percer-un-mur-porteur\/\">ouvrir mur porteur<\/a>, <a href=\"http:\/\/www.mursporteurs.fr\/faq-mur-porteur\/\">percer mur porteur<\/a>, <a href=\"http:\/\/www.mursporteurs.fr\/\">ouverture mur porteur<\/a><\/span><\/p>\n","protected":false},"excerpt":{"rendered":"<p>Abattre un mur porteur : ATTENTION : Pour information un mur porteur ne se casse pas mais se d\u00e9coupe obligatoirement. En effet, un mur porteur est un mur qui porte la structure. Si votre ma\u00e7on le casse avec un piqueur &hellip; <a href=\"https:\/\/www.mursporteurs.fr\/?page_id=115\">Continuer la lecture <span class=\"meta-nav\">&rarr;<\/span><\/a><\/p>\n","protected":false},"author":1,"featured_media":0,"parent":38,"menu_order":0,"comment_status":"open","ping_status":"open","template":"","meta":[],"yoast_head":"<!-- This site is optimized with the Yoast SEO plugin v17.4 - https:\/\/yoast.com\/wordpress\/plugins\/seo\/ -->\n<meta name=\"robots\" content=\"index, follow, max-snippet:-1, max-image-preview:large, max-video-preview:-1\" \/>\n<link rel=\"canonical\" href=\"http:\/\/www.mursporteurs.fr\/?page_id=115\" \/>\n<meta property=\"og:locale\" content=\"fr_FR\" \/>\n<meta property=\"og:type\" content=\"article\" \/>\n<meta property=\"og:title\" content=\"Comment casser un mur porteur ? - Murs Porteurs\" \/>\n<meta property=\"og:description\" content=\"Abattre un mur porteur : ATTENTION : Pour information un mur porteur ne se casse pas mais se d\u00e9coupe obligatoirement. En effet, un mur porteur est un mur qui porte la structure. Si votre ma\u00e7on le casse avec un piqueur &hellip; Continuer la lecture &rarr;\" \/>\n<meta property=\"og:url\" content=\"http:\/\/www.mursporteurs.fr\/?page_id=115\" \/>\n<meta property=\"og:site_name\" content=\"Murs Porteurs\" \/>\n<meta property=\"article:modified_time\" content=\"2011-01-17T12:10:13+00:00\" \/>\n<meta property=\"og:image\" content=\"http:\/\/www.mursporteurs.fr\/wp-content\/uploads\/2010\/12\/Ouverture-mur-porteur-voile-beton-0-415x276.jpg\" \/>\n<meta name=\"twitter:card\" content=\"summary_large_image\" \/>\n<meta name=\"twitter:label1\" content=\"Dur\u00e9e de lecture est.\" \/>\n\t<meta name=\"twitter:data1\" content=\"1 minute\" \/>\n<script type=\"application\/ld+json\" class=\"yoast-schema-graph\">{\"@context\":\"https:\/\/schema.org\",\"@graph\":[{\"@type\":\"WebSite\",\"@id\":\"https:\/\/www.mursporteurs.fr\/#website\",\"url\":\"https:\/\/www.mursporteurs.fr\/\",\"name\":\"Murs Porteurs\",\"description\":\"Entreprise sp\\u00e9cialis\\u00e9e dans l&#039;ouverture de murs porteurs, les extensions et les sur\\u00e9l\\u00e9vations de maisons sur Paris et r\\u00e9gion parisienne.\",\"potentialAction\":[{\"@type\":\"SearchAction\",\"target\":{\"@type\":\"EntryPoint\",\"urlTemplate\":\"https:\/\/www.mursporteurs.fr\/?s={search_term_string}\"},\"query-input\":\"required name=search_term_string\"}],\"inLanguage\":\"fr-FR\"},{\"@type\":\"ImageObject\",\"@id\":\"http:\/\/www.mursporteurs.fr\/?page_id=115#primaryimage\",\"inLanguage\":\"fr-FR\",\"url\":\"http:\/\/www.mursporteurs.fr\/wp-content\/uploads\/2010\/12\/Ouverture-mur-porteur-voile-beton-0-415x276.jpg\",\"contentUrl\":\"http:\/\/www.mursporteurs.fr\/wp-content\/uploads\/2010\/12\/Ouverture-mur-porteur-voile-beton-0-415x276.jpg\"},{\"@type\":\"WebPage\",\"@id\":\"http:\/\/www.mursporteurs.fr\/?page_id=115#webpage\",\"url\":\"http:\/\/www.mursporteurs.fr\/?page_id=115\",\"name\":\"Comment casser un mur porteur ? - Murs Porteurs\",\"isPartOf\":{\"@id\":\"https:\/\/www.mursporteurs.fr\/#website\"},\"primaryImageOfPage\":{\"@id\":\"http:\/\/www.mursporteurs.fr\/?page_id=115#primaryimage\"},\"datePublished\":\"2010-12-08T08:11:22+00:00\",\"dateModified\":\"2011-01-17T12:10:13+00:00\",\"breadcrumb\":{\"@id\":\"http:\/\/www.mursporteurs.fr\/?page_id=115#breadcrumb\"},\"inLanguage\":\"fr-FR\",\"potentialAction\":[{\"@type\":\"ReadAction\",\"target\":[\"http:\/\/www.mursporteurs.fr\/?page_id=115\"]}]},{\"@type\":\"BreadcrumbList\",\"@id\":\"http:\/\/www.mursporteurs.fr\/?page_id=115#breadcrumb\",\"itemListElement\":[{\"@type\":\"ListItem\",\"position\":1,\"name\":\"Accueil\",\"item\":\"https:\/\/www.mursporteurs.fr\/\"},{\"@type\":\"ListItem\",\"position\":2,\"name\":\"FAQ\",\"item\":\"http:\/\/www.mursporteurs.fr\/?page_id=38\"},{\"@type\":\"ListItem\",\"position\":3,\"name\":\"Comment casser un mur porteur ?\"}]}]}<\/script>\n<!-- \/ Yoast SEO plugin. -->","yoast_head_json":{"robots":{"index":"index","follow":"follow","max-snippet":"max-snippet:-1","max-image-preview":"max-image-preview:large","max-video-preview":"max-video-preview:-1"},"canonical":"http:\/\/www.mursporteurs.fr\/?page_id=115","og_locale":"fr_FR","og_type":"article","og_title":"Comment casser un mur porteur ? - Murs Porteurs","og_description":"Abattre un mur porteur : ATTENTION : Pour information un mur porteur ne se casse pas mais se d\u00e9coupe obligatoirement. En effet, un mur porteur est un mur qui porte la structure. Si votre ma\u00e7on le casse avec un piqueur &hellip; Continuer la lecture &rarr;","og_url":"http:\/\/www.mursporteurs.fr\/?page_id=115","og_site_name":"Murs Porteurs","article_modified_time":"2011-01-17T12:10:13+00:00","og_image":[{"url":"http:\/\/www.mursporteurs.fr\/wp-content\/uploads\/2010\/12\/Ouverture-mur-porteur-voile-beton-0-415x276.jpg"}],"twitter_card":"summary_large_image","twitter_misc":{"Dur\u00e9e de lecture est.":"1 minute"},"schema":{"@context":"https:\/\/schema.org","@graph":[{"@type":"WebSite","@id":"https:\/\/www.mursporteurs.fr\/#website","url":"https:\/\/www.mursporteurs.fr\/","name":"Murs Porteurs","description":"Entreprise sp\u00e9cialis\u00e9e dans l&#039;ouverture de murs porteurs, les extensions et les sur\u00e9l\u00e9vations de maisons sur Paris et r\u00e9gion parisienne.","potentialAction":[{"@type":"SearchAction","target":{"@type":"EntryPoint","urlTemplate":"https:\/\/www.mursporteurs.fr\/?s={search_term_string}"},"query-input":"required name=search_term_string"}],"inLanguage":"fr-FR"},{"@type":"ImageObject","@id":"http:\/\/www.mursporteurs.fr\/?page_id=115#primaryimage","inLanguage":"fr-FR","url":"http:\/\/www.mursporteurs.fr\/wp-content\/uploads\/2010\/12\/Ouverture-mur-porteur-voile-beton-0-415x276.jpg","contentUrl":"http:\/\/www.mursporteurs.fr\/wp-content\/uploads\/2010\/12\/Ouverture-mur-porteur-voile-beton-0-415x276.jpg"},{"@type":"WebPage","@id":"http:\/\/www.mursporteurs.fr\/?page_id=115#webpage","url":"http:\/\/www.mursporteurs.fr\/?page_id=115","name":"Comment casser un mur porteur ? - Murs Porteurs","isPartOf":{"@id":"https:\/\/www.mursporteurs.fr\/#website"},"primaryImageOfPage":{"@id":"http:\/\/www.mursporteurs.fr\/?page_id=115#primaryimage"},"datePublished":"2010-12-08T08:11:22+00:00","dateModified":"2011-01-17T12:10:13+00:00","breadcrumb":{"@id":"http:\/\/www.mursporteurs.fr\/?page_id=115#breadcrumb"},"inLanguage":"fr-FR","potentialAction":[{"@type":"ReadAction","target":["http:\/\/www.mursporteurs.fr\/?page_id=115"]}]},{"@type":"BreadcrumbList","@id":"http:\/\/www.mursporteurs.fr\/?page_id=115#breadcrumb","itemListElement":[{"@type":"ListItem","position":1,"name":"Accueil","item":"https:\/\/www.mursporteurs.fr\/"},{"@type":"ListItem","position":2,"name":"FAQ","item":"http:\/\/www.mursporteurs.fr\/?page_id=38"},{"@type":"ListItem","position":3,"name":"Comment casser un mur porteur ?"}]}]}},"_links":{"self":[{"href":"https:\/\/www.mursporteurs.fr\/index.php?rest_route=\/wp\/v2\/pages\/115"}],"collection":[{"href":"https:\/\/www.mursporteurs.fr\/index.php?rest_route=\/wp\/v2\/pages"}],"about":[{"href":"https:\/\/www.mursporteurs.fr\/index.php?rest_route=\/wp\/v2\/types\/page"}],"author":[{"embeddable":true,"href":"https:\/\/www.mursporteurs.fr\/index.php?rest_route=\/wp\/v2\/users\/1"}],"replies":[{"embeddable":true,"href":"https:\/\/www.mursporteurs.fr\/index.php?rest_route=%2Fwp%2Fv2%2Fcomments&post=115"}],"version-history":[{"count":17,"href":"https:\/\/www.mursporteurs.fr\/index.php?rest_route=\/wp\/v2\/pages\/115\/revisions"}],"predecessor-version":[{"id":239,"href":"https:\/\/www.mursporteurs.fr\/index.php?rest_route=\/wp\/v2\/pages\/115\/revisions\/239"}],"up":[{"embeddable":true,"href":"https:\/\/www.mursporteurs.fr\/index.php?rest_route=\/wp\/v2\/pages\/38"}],"wp:attachment":[{"href":"https:\/\/www.mursporteurs.fr\/index.php?rest_route=%2Fwp%2Fv2%2Fmedia&parent=115"}],"curies":[{"name":"wp","href":"https:\/\/api.w.org\/{rel}","templated":true}]}}