{"id":120,"date":"2010-12-08T09:14:59","date_gmt":"2010-12-08T08:14:59","guid":{"rendered":"http:\/\/www.mursporteurs.fr\/"},"modified":"2011-01-17T13:15:47","modified_gmt":"2011-01-17T12:15:47","slug":"comment-percer-un-mur-porteur","status":"publish","type":"page","link":"http:\/\/www.mursporteurs.fr\/?page_id=120","title":{"rendered":"Comment percer un mur porteur ?"},"content":{"rendered":"<h3><strong>Ouvrir un mur porteur :<\/strong><\/h3>\n<p>On parle aussi de forage d\u2019un <strong>mur porteur<\/strong>. Tout <em>mur porteur<\/em> peut se percer mais avec obligatoirement l\u2019accord de la co-propri\u00e9t\u00e9 s\u2019il y en a une. Pour effectuer un <a href=\"http:\/\/www.mursporteurs.fr\/les-differentes-techniques-ouverture-mur-porteur\/\">trou dans <em>un porteur<\/em><\/a> il faut utiliser des m\u00e8ches sp\u00e9cifiques qui sont appel\u00e9es des couronnes diamant et qui sont fix\u00e9es sur une carotteuse.\u00a0 Il n\u2019y a pas de percussion sur les carotteuses elles tournent tr\u00e8s lentement et d\u00e9coupe le b\u00e9ton. Cette op\u00e9ration de forage est effectu\u00e9e en g\u00e9n\u00e9ral \u00e0 eau pour refroidir le diamant de la couronne. Certaines couronnes permettent un sciage sans eau.<\/p>\n<p>Cette op\u00e9ration est r\u00e9guli\u00e8rement effectuer pour la mis en place d\u2019une chaudi\u00e8re \u00e0 ventouse, de la cr\u00e9ation de sorties pour les a\u00e9rations ou pour la plomberie sanitaire avec des diam\u00e8tres allant de 25mm \u00e0 150mm.<\/p>\n<p><img loading=\"lazy\" class=\"aligncenter size-medium wp-image-240  aligncenter\" title=\"Carrotage\" src=\"http:\/\/www.mursporteurs.fr\/wp-content\/uploads\/2010\/12\/Carrotage-168x300.jpg\" alt=\"\" width=\"271\" height=\"484\" \/><\/p>\n<p style=\"text-align: right;\"><span style=\"color: #808080; font-family: Verdana, Arial, Helvetica, sans-serif; font-size: 9px;\">TAGS : <a href=\"http:\/\/www.mursporteurs.fr\/faq-mur-porteur\/comment-casser-un-mur-porteur\/\">abattre mur porteur<\/a>, <a href=\"http:\/\/www.mursporteurs.fr\/faq-mur-porteur\/\">casser mur porteur<\/a><\/span><\/p>\n","protected":false},"excerpt":{"rendered":"<p>Ouvrir un mur porteur : On parle aussi de forage d\u2019un mur porteur. Tout mur porteur peut se percer mais avec obligatoirement l\u2019accord de la co-propri\u00e9t\u00e9 s\u2019il y en a une. Pour effectuer un trou dans un porteur il faut &hellip; <a href=\"http:\/\/www.mursporteurs.fr\/?page_id=120\">Continuer la lecture <span class=\"meta-nav\">&rarr;<\/span><\/a><\/p>\n","protected":false},"author":1,"featured_media":0,"parent":38,"menu_order":0,"comment_status":"open","ping_status":"open","template":"","meta":[],"yoast_head":"<!-- This site is optimized with the Yoast SEO plugin v17.4 - https:\/\/yoast.com\/wordpress\/plugins\/seo\/ -->\n<meta name=\"robots\" content=\"index, follow, max-snippet:-1, max-image-preview:large, max-video-preview:-1\" \/>\n<link rel=\"canonical\" href=\"https:\/\/www.mursporteurs.fr\/?page_id=120\" \/>\n<meta property=\"og:locale\" content=\"fr_FR\" \/>\n<meta property=\"og:type\" content=\"article\" \/>\n<meta property=\"og:title\" content=\"Comment percer un mur porteur ? - Murs Porteurs\" \/>\n<meta property=\"og:description\" content=\"Ouvrir un mur porteur : On parle aussi de forage d\u2019un mur porteur. Tout mur porteur peut se percer mais avec obligatoirement l\u2019accord de la co-propri\u00e9t\u00e9 s\u2019il y en a une. Pour effectuer un trou dans un porteur il faut &hellip; Continuer la lecture &rarr;\" \/>\n<meta property=\"og:url\" content=\"https:\/\/www.mursporteurs.fr\/?page_id=120\" \/>\n<meta property=\"og:site_name\" content=\"Murs Porteurs\" \/>\n<meta property=\"article:modified_time\" content=\"2011-01-17T12:15:47+00:00\" \/>\n<meta property=\"og:image\" content=\"http:\/\/www.mursporteurs.fr\/wp-content\/uploads\/2010\/12\/Carrotage-168x300.jpg\" \/>\n<meta name=\"twitter:card\" content=\"summary_large_image\" \/>\n<meta name=\"twitter:label1\" content=\"Dur\u00e9e de lecture est.\" \/>\n\t<meta name=\"twitter:data1\" content=\"1 minute\" \/>\n<script type=\"application\/ld+json\" class=\"yoast-schema-graph\">{\"@context\":\"https:\/\/schema.org\",\"@graph\":[{\"@type\":\"WebSite\",\"@id\":\"https:\/\/www.mursporteurs.fr\/#website\",\"url\":\"https:\/\/www.mursporteurs.fr\/\",\"name\":\"Murs Porteurs\",\"description\":\"Entreprise sp\\u00e9cialis\\u00e9e dans l&#039;ouverture de murs porteurs, les extensions et les sur\\u00e9l\\u00e9vations de maisons sur Paris et r\\u00e9gion parisienne.\",\"potentialAction\":[{\"@type\":\"SearchAction\",\"target\":{\"@type\":\"EntryPoint\",\"urlTemplate\":\"https:\/\/www.mursporteurs.fr\/?s={search_term_string}\"},\"query-input\":\"required name=search_term_string\"}],\"inLanguage\":\"fr-FR\"},{\"@type\":\"ImageObject\",\"@id\":\"https:\/\/www.mursporteurs.fr\/?page_id=120#primaryimage\",\"inLanguage\":\"fr-FR\",\"url\":\"http:\/\/www.mursporteurs.fr\/wp-content\/uploads\/2010\/12\/Carrotage.jpg\",\"contentUrl\":\"http:\/\/www.mursporteurs.fr\/wp-content\/uploads\/2010\/12\/Carrotage.jpg\",\"width\":\"563\",\"height\":\"1000\"},{\"@type\":\"WebPage\",\"@id\":\"https:\/\/www.mursporteurs.fr\/?page_id=120#webpage\",\"url\":\"https:\/\/www.mursporteurs.fr\/?page_id=120\",\"name\":\"Comment percer un mur porteur ? - Murs Porteurs\",\"isPartOf\":{\"@id\":\"https:\/\/www.mursporteurs.fr\/#website\"},\"primaryImageOfPage\":{\"@id\":\"https:\/\/www.mursporteurs.fr\/?page_id=120#primaryimage\"},\"datePublished\":\"2010-12-08T08:14:59+00:00\",\"dateModified\":\"2011-01-17T12:15:47+00:00\",\"breadcrumb\":{\"@id\":\"https:\/\/www.mursporteurs.fr\/?page_id=120#breadcrumb\"},\"inLanguage\":\"fr-FR\",\"potentialAction\":[{\"@type\":\"ReadAction\",\"target\":[\"https:\/\/www.mursporteurs.fr\/?page_id=120\"]}]},{\"@type\":\"BreadcrumbList\",\"@id\":\"https:\/\/www.mursporteurs.fr\/?page_id=120#breadcrumb\",\"itemListElement\":[{\"@type\":\"ListItem\",\"position\":1,\"name\":\"Accueil\",\"item\":\"https:\/\/www.mursporteurs.fr\/\"},{\"@type\":\"ListItem\",\"position\":2,\"name\":\"FAQ\",\"item\":\"https:\/\/www.mursporteurs.fr\/?page_id=38\"},{\"@type\":\"ListItem\",\"position\":3,\"name\":\"Comment percer un mur porteur ?\"}]}]}<\/script>\n<!-- \/ Yoast SEO plugin. -->","yoast_head_json":{"robots":{"index":"index","follow":"follow","max-snippet":"max-snippet:-1","max-image-preview":"max-image-preview:large","max-video-preview":"max-video-preview:-1"},"canonical":"https:\/\/www.mursporteurs.fr\/?page_id=120","og_locale":"fr_FR","og_type":"article","og_title":"Comment percer un mur porteur ? - Murs Porteurs","og_description":"Ouvrir un mur porteur : On parle aussi de forage d\u2019un mur porteur. Tout mur porteur peut se percer mais avec obligatoirement l\u2019accord de la co-propri\u00e9t\u00e9 s\u2019il y en a une. Pour effectuer un trou dans un porteur il faut &hellip; Continuer la lecture &rarr;","og_url":"https:\/\/www.mursporteurs.fr\/?page_id=120","og_site_name":"Murs Porteurs","article_modified_time":"2011-01-17T12:15:47+00:00","og_image":[{"url":"http:\/\/www.mursporteurs.fr\/wp-content\/uploads\/2010\/12\/Carrotage-168x300.jpg"}],"twitter_card":"summary_large_image","twitter_misc":{"Dur\u00e9e de lecture est.":"1 minute"},"schema":{"@context":"https:\/\/schema.org","@graph":[{"@type":"WebSite","@id":"https:\/\/www.mursporteurs.fr\/#website","url":"https:\/\/www.mursporteurs.fr\/","name":"Murs Porteurs","description":"Entreprise sp\u00e9cialis\u00e9e dans l&#039;ouverture de murs porteurs, les extensions et les sur\u00e9l\u00e9vations de maisons sur Paris et r\u00e9gion parisienne.","potentialAction":[{"@type":"SearchAction","target":{"@type":"EntryPoint","urlTemplate":"https:\/\/www.mursporteurs.fr\/?s={search_term_string}"},"query-input":"required name=search_term_string"}],"inLanguage":"fr-FR"},{"@type":"ImageObject","@id":"https:\/\/www.mursporteurs.fr\/?page_id=120#primaryimage","inLanguage":"fr-FR","url":"http:\/\/www.mursporteurs.fr\/wp-content\/uploads\/2010\/12\/Carrotage.jpg","contentUrl":"http:\/\/www.mursporteurs.fr\/wp-content\/uploads\/2010\/12\/Carrotage.jpg","width":"563","height":"1000"},{"@type":"WebPage","@id":"https:\/\/www.mursporteurs.fr\/?page_id=120#webpage","url":"https:\/\/www.mursporteurs.fr\/?page_id=120","name":"Comment percer un mur porteur ? - Murs Porteurs","isPartOf":{"@id":"https:\/\/www.mursporteurs.fr\/#website"},"primaryImageOfPage":{"@id":"https:\/\/www.mursporteurs.fr\/?page_id=120#primaryimage"},"datePublished":"2010-12-08T08:14:59+00:00","dateModified":"2011-01-17T12:15:47+00:00","breadcrumb":{"@id":"https:\/\/www.mursporteurs.fr\/?page_id=120#breadcrumb"},"inLanguage":"fr-FR","potentialAction":[{"@type":"ReadAction","target":["https:\/\/www.mursporteurs.fr\/?page_id=120"]}]},{"@type":"BreadcrumbList","@id":"https:\/\/www.mursporteurs.fr\/?page_id=120#breadcrumb","itemListElement":[{"@type":"ListItem","position":1,"name":"Accueil","item":"https:\/\/www.mursporteurs.fr\/"},{"@type":"ListItem","position":2,"name":"FAQ","item":"https:\/\/www.mursporteurs.fr\/?page_id=38"},{"@type":"ListItem","position":3,"name":"Comment percer un mur porteur ?"}]}]}},"_links":{"self":[{"href":"http:\/\/www.mursporteurs.fr\/index.php?rest_route=\/wp\/v2\/pages\/120"}],"collection":[{"href":"http:\/\/www.mursporteurs.fr\/index.php?rest_route=\/wp\/v2\/pages"}],"about":[{"href":"http:\/\/www.mursporteurs.fr\/index.php?rest_route=\/wp\/v2\/types\/page"}],"author":[{"embeddable":true,"href":"http:\/\/www.mursporteurs.fr\/index.php?rest_route=\/wp\/v2\/users\/1"}],"replies":[{"embeddable":true,"href":"http:\/\/www.mursporteurs.fr\/index.php?rest_route=%2Fwp%2Fv2%2Fcomments&post=120"}],"version-history":[{"count":13,"href":"http:\/\/www.mursporteurs.fr\/index.php?rest_route=\/wp\/v2\/pages\/120\/revisions"}],"predecessor-version":[{"id":245,"href":"http:\/\/www.mursporteurs.fr\/index.php?rest_route=\/wp\/v2\/pages\/120\/revisions\/245"}],"up":[{"embeddable":true,"href":"http:\/\/www.mursporteurs.fr\/index.php?rest_route=\/wp\/v2\/pages\/38"}],"wp:attachment":[{"href":"http:\/\/www.mursporteurs.fr\/index.php?rest_route=%2Fwp%2Fv2%2Fmedia&parent=120"}],"curies":[{"name":"wp","href":"https:\/\/api.w.org\/{rel}","templated":true}]}}